{"id":436,"date":"2020-07-06T10:20:35","date_gmt":"2020-07-06T08:20:35","guid":{"rendered":"https:\/\/kroningsfeesten.webmatic.be\/?post_type=product&#038;p=436"},"modified":"2022-11-01T21:49:03","modified_gmt":"2022-11-01T20:49:03","slug":"double-cd-image-du-bonheur-coronation-2016","status":"publish","type":"product","link":"https:\/\/www.kroningsfeesten.be\/fr\/product\/dubbel-cd-beeld-van-geluk-kroning-2016\/","title":{"rendered":"Double CD \"Image du Bonheur - Couronnement 2016\"."},"content":{"rendered":"<p>\u00c0 l'occasion de la 18e \u00e9dition de la septi\u00e8me \u00e9dition annuelle de Kroningsfeesten en 2016, sept paroliers et 14 compositeurs ont \u00e9crit une nouvelle chanson pour chaque groupe de la procession. Ils ont r\u00e9ussi \u00e0 chanter la sc\u00e8ne de chaque groupe de la procession du point de vue de Marie, avec une attention \u00e0 l'exp\u00e9rience contemporaine. Ces 14 nouvelles chansons se trouvent sur le premier CD, ainsi que la chanson th\u00e8me de la s\u00e9rie<\/p>\n<p>le couronnement 2016 \"Image du bonheur\" et \"Not Dolers but Pilgrims\", la chanson \u00e9crite \u00e0 l'occasion des 50 ans du dioc\u00e8se de Hasselt. Le 2\u00e8me CD contient 16 Chants du Couronnement chant\u00e9s lors du Kroningsfeesten 2016 par les diff\u00e9rents groupes processionnels lors de la procession du Couronnement et de la pi\u00e8ce de th\u00e9\u00e2tre de la soir\u00e9e du Couronnement.<\/p>","protected":false},"excerpt":{"rendered":"<p>Naar aanleiding van de 18de editie van de Zevenjaarlijkse Kroningsfeesten in 2016 schreven zeven tekstschrijvers en 14 componisten voor elke processiegroep een nieuw lied. Zij zijn erin geslaagd om het tafereel van elke processiegroep te bezingen vanuit het oogpunt van Maria, met aandacht voor de hedendaagse beleving. Deze veertien nieuwe liederen staan op de 1ste [&hellip;]<\/p>\n","protected":false},"featured_media":468,"template":"","meta":{"_acf_changed":false},"product_brand":[],"product_cat":[46],"product_tag":[],"class_list":{"0":"post-436","1":"product","2":"type-product","3":"status-publish","4":"has-post-thumbnail","6":"product_cat-muziek","8":"first","9":"instock","10":"taxable","11":"shipping-taxable","12":"purchasable","13":"product-type-simple"},"acf":[],"_links":{"self":[{"href":"https:\/\/www.kroningsfeesten.be\/fr\/wp-json\/wp\/v2\/product\/436","targetHints":{"allow":["GET"]}}],"collection":[{"href":"https:\/\/www.kroningsfeesten.be\/fr\/wp-json\/wp\/v2\/product"}],"about":[{"href":"https:\/\/www.kroningsfeesten.be\/fr\/wp-json\/wp\/v2\/types\/product"}],"wp:featuredmedia":[{"embeddable":true,"href":"https:\/\/www.kroningsfeesten.be\/fr\/wp-json\/wp\/v2\/media\/468"}],"wp:attachment":[{"href":"https:\/\/www.kroningsfeesten.be\/fr\/wp-json\/wp\/v2\/media?parent=436"}],"wp:term":[{"taxonomy":"product_brand","embeddable":true,"href":"https:\/\/www.kroningsfeesten.be\/fr\/wp-json\/wp\/v2\/product_brand?post=436"},{"taxonomy":"product_cat","embeddable":true,"href":"https:\/\/www.kroningsfeesten.be\/fr\/wp-json\/wp\/v2\/product_cat?post=436"},{"taxonomy":"product_tag","embeddable":true,"href":"https:\/\/www.kroningsfeesten.be\/fr\/wp-json\/wp\/v2\/product_tag?post=436"}],"curies":[{"name":"wp","href":"https:\/\/api.w.org\/{rel}","templated":true}]}}