{"id":990,"date":"2020-08-09T16:39:37","date_gmt":"2020-08-09T14:39:37","guid":{"rendered":"https:\/\/kroningsfeesten.webmatic.be\/?page_id=990"},"modified":"2022-03-26T20:25:41","modified_gmt":"2022-03-26T19:25:41","slug":"festivals-de-leurope-des-7-ans","status":"publish","type":"page","link":"https:\/\/www.kroningsfeesten.be\/fr\/7-jaarlijkse-feesten-euregio\/","title":{"rendered":"Les festivals de 7 ans dans l'Euror\u00e9gion"},"content":{"rendered":"<div data-elementor-type=\"wp-page\" data-elementor-id=\"990\" class=\"elementor elementor-990\" data-elementor-post-type=\"page\">\n\t\t\t\t\t\t<section class=\"elementor-section elementor-top-section elementor-element elementor-element-5fe66b4 elementor-section-full_width p_tb_none elementor-section-height-default elementor-section-height-default\" data-id=\"5fe66b4\" data-element_type=\"section\" data-e-type=\"section\">\n\t\t\t\t\t\t<div class=\"elementor-container elementor-column-gap-default\">\n\t\t\t\t\t<div class=\"elementor-column elementor-col-100 elementor-top-column elementor-element elementor-element-5e77247 p_none\" data-id=\"5e77247\" data-element_type=\"column\" data-e-type=\"column\">\n\t\t\t<div class=\"elementor-widget-wrap elementor-element-populated\">\n\t\t\t\t\t\t<div class=\"elementor-element elementor-element-e99a7bd elementor-widget elementor-widget-template\" data-id=\"e99a7bd\" data-element_type=\"widget\" data-e-type=\"widget\" data-widget_type=\"template.default\">\n\t\t\t\t<div class=\"elementor-widget-container\">\n\t\t\t\t\t\t\t<div class=\"elementor-template\">\n\t\t\t\t\t<div data-elementor-type=\"section\" data-elementor-id=\"592\" class=\"elementor elementor-592\" data-elementor-post-type=\"elementor_library\">\n\t\t\t\t\t<section class=\"elementor-section elementor-top-section elementor-element elementor-element-babf342 elementor-section-full_width wbm_hero p_tb_none elementor-section-height-default elementor-section-height-default\" data-id=\"babf342\" data-element_type=\"section\" data-e-type=\"section\">\n\t\t\t\t\t\t<div class=\"elementor-container elementor-column-gap-default\">\n\t\t\t\t\t<div class=\"elementor-column elementor-col-100 elementor-top-column elementor-element elementor-element-ac983ba\" data-id=\"ac983ba\" data-element_type=\"column\" data-e-type=\"column\">\n\t\t\t<div class=\"elementor-widget-wrap elementor-element-populated\">\n\t\t\t\t\t\t<div class=\"elementor-element elementor-element-60abe84 m_b_none elementor--h-position-center elementor--v-position-middle elementor-pagination-position-inside elementor-widget elementor-widget-slides\" data-id=\"60abe84\" data-element_type=\"widget\" data-e-type=\"widget\" data-settings=\"{&quot;navigation&quot;:&quot;dots&quot;,&quot;autoplay_speed&quot;:7500,&quot;autoplay&quot;:&quot;yes&quot;,&quot;pause_on_hover&quot;:&quot;yes&quot;,&quot;pause_on_interaction&quot;:&quot;yes&quot;,&quot;infinite&quot;:&quot;yes&quot;,&quot;transition&quot;:&quot;slide&quot;,&quot;transition_speed&quot;:500}\" data-widget_type=\"slides.default\">\n\t\t\t\t<div class=\"elementor-widget-container\">\n\t\t\t\t\t\t\t\t\t<div class=\"elementor-swiper\">\n\t\t\t\t\t<div class=\"elementor-slides-wrapper elementor-main-swiper swiper\" role=\"region\" aria-roledescription=\"carousel\" aria-label=\"Dia&#039;s\" dir=\"ltr\" data-animation=\"fadeInUp\">\n\t\t\t\t<div class=\"swiper-wrapper elementor-slides\">\n\t\t\t\t\t\t\t\t\t\t<div class=\"elementor-repeater-item-265bdb4 swiper-slide\" role=\"group\" aria-roledescription=\"slide\"><div class=\"swiper-slide-bg\" role=\"img\" aria-label=\"691\"><\/div><div class=\"swiper-slide-inner\" ><div class=\"swiper-slide-contents\"><\/div><\/div><\/div><div class=\"elementor-repeater-item-bd4951a swiper-slide\" role=\"group\" aria-roledescription=\"slide\"><div class=\"swiper-slide-bg\" role=\"img\" aria-label=\"asset-4\"><\/div><div class=\"swiper-slide-inner\" ><div class=\"swiper-slide-contents\"><\/div><\/div><\/div><div class=\"elementor-repeater-item-9545436 swiper-slide\" role=\"group\" aria-roledescription=\"slide\"><div class=\"swiper-slide-bg\" role=\"img\" aria-label=\"Fo228\"><\/div><div class=\"swiper-slide-inner\" ><div class=\"swiper-slide-contents\"><\/div><\/div><\/div>\t\t\t\t<\/div>\n\t\t\t\t\t\t\t\t\t\t\t\t\t\t\t\t\t\t\t\t<div class=\"swiper-pagination\"><\/div>\n\t\t\t\t\t\t\t\t\t\t\t\t<\/div>\n\t\t\t\t<\/div>\n\t\t\t\t\t\t\t\t<\/div>\n\t\t\t\t<\/div>\n\t\t\t\t<div class=\"elementor-element elementor-element-ed0810c wbm_symbool_overlay elementor-widget elementor-widget-image\" data-id=\"ed0810c\" data-element_type=\"widget\" data-e-type=\"widget\" data-widget_type=\"image.default\">\n\t\t\t\t<div class=\"elementor-widget-container\">\n\t\t\t\t\t\t\t\t\t\t\t\t\t\t\t<img fetchpriority=\"high\" decoding=\"async\" width=\"745\" height=\"631\" src=\"https:\/\/www.kroningsfeesten.be\/wp-content\/uploads\/2020\/04\/symbool-overlay.png\" class=\"attachment-large size-large wp-image-224\" alt=\"\" srcset=\"https:\/\/www.kroningsfeesten.be\/wp-content\/uploads\/2020\/04\/symbool-overlay.png 745w, https:\/\/www.kroningsfeesten.be\/wp-content\/uploads\/2020\/04\/symbool-overlay-400x339.png 400w, https:\/\/www.kroningsfeesten.be\/wp-content\/uploads\/2020\/04\/symbool-overlay-600x508.png 600w, https:\/\/www.kroningsfeesten.be\/wp-content\/uploads\/2020\/04\/symbool-overlay-300x254.png 300w\" sizes=\"(max-width: 745px) 100vw, 745px\" \/>\t\t\t\t\t\t\t\t\t\t\t\t\t\t\t<\/div>\n\t\t\t\t<\/div>\n\t\t\t\t\t<\/div>\n\t\t<\/div>\n\t\t\t\t\t<\/div>\n\t\t<\/section>\n\t\t\t\t<section class=\"elementor-section elementor-top-section elementor-element elementor-element-5c50eeb p_tb_none elementor-section-boxed elementor-section-height-default elementor-section-height-default\" data-id=\"5c50eeb\" data-element_type=\"section\" data-e-type=\"section\">\n\t\t\t\t\t\t<div class=\"elementor-container elementor-column-gap-default\">\n\t\t\t\t\t<div class=\"elementor-column elementor-col-100 elementor-top-column elementor-element elementor-element-04a2244 p_t_none p_b_none\" data-id=\"04a2244\" data-element_type=\"column\" data-e-type=\"column\">\n\t\t\t<div class=\"elementor-widget-wrap elementor-element-populated\">\n\t\t\t\t\t\t<div class=\"elementor-element elementor-element-0b5482c wbm_hero_content elementor-widget elementor-widget-html\" data-id=\"0b5482c\" data-element_type=\"widget\" data-e-type=\"widget\" data-widget_type=\"html.default\">\n\t\t\t\t<div class=\"elementor-widget-container\">\n\t\t\t\t\t<div class=\"regel_1\">F\u00caTES DU<\/div>\n<div class=\"regel_2\">COURONNEMENT<\/div>\n<div class=\"regel_3\">TONGRES<\/div>\n<div class=\"regel_4\">7\/9\/12\/14 JUILLET 2030<\/div>\t\t\t\t<\/div>\n\t\t\t\t<\/div>\n\t\t\t\t\t<\/div>\n\t\t<\/div>\n\t\t\t\t\t<\/div>\n\t\t<\/section>\n\t\t\t\t<section class=\"elementor-section elementor-top-section elementor-element elementor-element-a824437 p_tb_none elementor-section-boxed elementor-section-height-default elementor-section-height-default\" data-id=\"a824437\" data-element_type=\"section\" data-e-type=\"section\">\n\t\t\t\t\t\t<div class=\"elementor-container elementor-column-gap-default\">\n\t\t\t\t\t<div class=\"elementor-column elementor-col-100 elementor-top-column elementor-element elementor-element-5bde0fc\" data-id=\"5bde0fc\" data-element_type=\"column\" data-e-type=\"column\">\n\t\t\t<div class=\"elementor-widget-wrap elementor-element-populated\">\n\t\t\t\t\t\t<div class=\"elementor-element elementor-element-e7af157 elementor-widget elementor-widget-html\" data-id=\"e7af157\" data-element_type=\"widget\" data-e-type=\"widget\" data-widget_type=\"html.default\">\n\t\t\t\t<div class=\"elementor-widget-container\">\n\t\t\t\t\t<div class=\"mediagalerij-link-wrapper\">\n    <img decoding=\"async\" src=\"https:\/\/www.kroningsfeesten.be\/wp-content\/uploads\/2023\/06\/mediagalerij.png\">\n    <a href=\"\/fr\/histoire-2\/\">Voir quelques impressions de l'\u00e9dition 2023 du Kroningsfeesten ici<\/a>\n<\/div>\t\t\t\t<\/div>\n\t\t\t\t<\/div>\n\t\t\t\t\t<\/div>\n\t\t<\/div>\n\t\t\t\t\t<\/div>\n\t\t<\/section>\n\t\t\t\t<\/div>\n\t\t\t\t<\/div>\n\t\t\t\t\t\t<\/div>\n\t\t\t\t<\/div>\n\t\t\t\t\t<\/div>\n\t\t<\/div>\n\t\t\t\t\t<\/div>\n\t\t<\/section>\n\t\t\t\t<section class=\"elementor-section elementor-top-section elementor-element elementor-element-b58d2f8 p_b_none cw_medium elementor-section-boxed elementor-section-height-default elementor-section-height-default\" data-id=\"b58d2f8\" data-element_type=\"section\" data-e-type=\"section\">\n\t\t\t\t\t\t<div class=\"elementor-container elementor-column-gap-default\">\n\t\t\t\t\t<div class=\"elementor-column elementor-col-100 elementor-top-column elementor-element elementor-element-e0a9b0b\" data-id=\"e0a9b0b\" data-element_type=\"column\" data-e-type=\"column\">\n\t\t\t<div class=\"elementor-widget-wrap elementor-element-populated\">\n\t\t\t\t\t\t<div class=\"elementor-element elementor-element-42f0c22 m_b_none elementor-widget elementor-widget-heading\" data-id=\"42f0c22\" data-element_type=\"widget\" data-e-type=\"widget\" data-widget_type=\"heading.default\">\n\t\t\t\t<div class=\"elementor-widget-container\">\n\t\t\t\t\t<h1 class=\"elementor-heading-title elementor-size-default\">FETES SEPTENNALES<br>DANS L'EUREGIO<\/span><\/h1>\t\t\t\t<\/div>\n\t\t\t\t<\/div>\n\t\t\t\t<div class=\"elementor-element elementor-element-485209d c_primary elementor-widget-divider--view-line elementor-widget elementor-widget-divider\" data-id=\"485209d\" data-element_type=\"widget\" data-e-type=\"widget\" data-widget_type=\"divider.default\">\n\t\t\t\t<div class=\"elementor-widget-container\">\n\t\t\t\t\t\t\t<div class=\"elementor-divider\">\n\t\t\t<span class=\"elementor-divider-separator\">\n\t\t\t\t\t\t<\/span>\n\t\t<\/div>\n\t\t\t\t\t\t<\/div>\n\t\t\t\t<\/div>\n\t\t\t\t<div class=\"elementor-element elementor-element-4e5868f elementor-widget elementor-widget-text-editor\" data-id=\"4e5868f\" data-element_type=\"widget\" data-e-type=\"widget\" data-widget_type=\"text-editor.default\">\n\t\t\t\t<div class=\"elementor-widget-container\">\n\t\t\t\t\t\t\t\t\t<p>De mani\u00e8re informelle, la coop\u00e9ration \"eur\u00e9gionale\" existait d\u00e9j\u00e0 \u00e0 l'\u00e9poque o\u00f9 les pays actuels que sont la Belgique, les Pays-Bas et l'Allemagne n'existaient pas, sans parler de l'Euregio. Par exemple, au 15e si\u00e8cle, il \u00e9tait possible d'obtenir une \"indulgence totale\" en participant au p\u00e8lerinage des Saints avec reliquaires \u00e0 Aix-la-Chapelle, en visitant sept \u00e9glises de cette ville et en faisant sept stations au choix dans plusieurs villes autour d'Aix-la-Chapelle, dont Aldeneik (plus tard Maaseik), Li\u00e8ge, Hoei, Roermond, Rolduc, Sint-Truiden, Susteren, Tongres, Maastricht, ... En 1982, l'id\u00e9e d'une coop\u00e9ration entre les comit\u00e9s organisant les f\u00eates septennales est apparue : Hasselt, Tongres, Maastricht et Susteren. D\u00e8s 1988, cette id\u00e9e a \u00e9t\u00e9 mise en pratique. La ville qui organise les f\u00eates septennales suivantes en prend chaque fois la pr\u00e9sidence.<\/p>\t\t\t\t\t\t\t\t<\/div>\n\t\t\t\t<\/div>\n\t\t\t\t\t<\/div>\n\t\t<\/div>\n\t\t\t\t\t<\/div>\n\t\t<\/section>\n\t\t\t\t<section class=\"elementor-section elementor-top-section elementor-element elementor-element-e9a39ef elementor-section-boxed elementor-section-height-default elementor-section-height-default\" data-id=\"e9a39ef\" data-element_type=\"section\" data-e-type=\"section\">\n\t\t\t\t\t\t<div class=\"elementor-container elementor-column-gap-default\">\n\t\t\t\t\t<div class=\"elementor-column elementor-col-100 elementor-top-column elementor-element elementor-element-b79e0c8\" data-id=\"b79e0c8\" data-element_type=\"column\" data-e-type=\"column\">\n\t\t\t<div class=\"elementor-widget-wrap elementor-element-populated\">\n\t\t\t\t\t\t<div class=\"elementor-element elementor-element-41cf883 elementor-widget elementor-widget-html\" data-id=\"41cf883\" data-element_type=\"widget\" data-e-type=\"widget\" data-widget_type=\"html.default\">\n\t\t\t\t<div class=\"elementor-widget-container\">\n\t\t\t\t\t<div class=\"wbm_euregio_wrapper\">\n\n    <div class=\"item item_year secondary\">\n        <div class=\"year\">2022<\/div>\n    <\/div>\n    <a class=\"item item_event\" href=\"https:\/\/www.marialefeestenpeer.be\/\" target=\"_blank\" style=\"background:url(\/wp-content\/uploads\/2022\/03\/mariale-feesten-peer-1920.jpg);\" rel=\"noopener\">\n        <div class=\"overlay secondary\"><\/div>\n        <div class=\"title\">Pair des f\u00eates mariales<\/div>\n        <div class=\"date\">Du 11 f\u00e9vrier au 9 d\u00e9cembre 2022<\/div>\n    <\/a>\n    <a class=\"item item_event\" href=\"http:\/\/www.heiligdomsvaart.nl\/\" target=\"_blank\" style=\"background:url(\/wp-content\/uploads\/2020\/09\/Susteren-10332-1920.jpg);\" rel=\"noopener\">\n        <div class=\"overlay secondary\"><\/div>\n        <div class=\"title\">Susteren<\/div>\n        <div class=\"date\">26 ao\u00fbt au 11 septembre 2022<\/div>\n    <\/a>\n    <a class=\"item item_event\" href=\"https:\/\/www.harlindisrelindis.be\/ommegang\" target=\"_blank\" style=\"background:url(\/wp-content\/uploads\/2022\/03\/reliekschrijn-Harlindis-Relindis-1920.jpg);\" rel=\"noopener\">\n        <div class=\"overlay secondary\"><\/div>\n        <div class=\"title\">Maaseik<\/div>\n        <div class=\"date\">Du 18 au 25 septembre 2022<\/div>\n    <\/a>\n    <div class=\"item item_year\">\n        <div class=\"year\">2023<\/div>\n    <\/div>\n        <a class=\"item item_event\" href=\"https:\/\/heiligtumsfahrt.bistumac.de\/\" target=\"_blank\" style=\"background:url(\/wp-content\/uploads\/2020\/09\/Monchengladback-10332-1920.jpg);\" rel=\"noopener\">\n            <div class=\"overlay\"><\/div>\n            <div class=\"title\">M\u00f6nchengladbach<\/div>\n            <div class=\"date\">du du 28 mai au 4 juin 2023<\/div>\n        <\/a>\n            <a class=\"item item_event\" href=\"https:\/\/heiligtumsfahrt-aachen.de\/\" target=\"_blank\" style=\"background:url(\/wp-content\/uploads\/2020\/09\/Aken-10332-1920.jpg);\" rel=\"noopener\">\n        <div class=\"overlay\"><\/div>\n        <div class=\"title\">Aix-la-Chapelle<\/div>\n        <div class=\"date\">Du 9 au 19 juin 2023<\/div>\n    <\/a>\n        <a class=\"item item_event\" href=\"https:\/\/heiligtumsfahrt-aachen.de\/rund-um-die-heiligtumsfahrt\/heiligtumsfahrt-kornelimuenster\/\" target=\"_blank\" style=\"background:url(\/wp-content\/uploads\/2020\/09\/Kornelimunster-10332-1920.jpg);\" rel=\"noopener\">\n        <div class=\"overlay\"><\/div>\n        <div class=\"title\">Kornelim\u00fcnster<\/div>\n        <div class=\"date\">Du 10 au 18 juin 2023<br>Du 10 au 17 septembre 2023<\/div>\n    <\/a>\n    <a class=\"item item_event\" href=\"https:\/\/www.kroningsfeesten.be\/fr\/\" target=\"_blank\" style=\"background:url(\/wp-content\/uploads\/2020\/07\/broeder0.jpg);\">\n        <div class=\"overlay\"><\/div>\n        <div class=\"title\">Tongeren<\/div>\n        <div class=\"date\">Du 2 au 9 juillet 2023<\/div>\n    <\/a>\n    <a class=\"item item_event\" href=\"https:\/\/www.kroningsfeesten.be\/fr\/\" target=\"_blank\" style=\"background:url(\/wp-content\/uploads\/2020\/07\/broeder0.jpg);\">\n        <div class=\"overlay\"><\/div>\n        <div class=\"title\">Tongeren<\/div>\n        <div class=\"date\">Cl\u00f4ture Kroningsfeesten 2023, Procession de la lumi\u00e8re - 23 septembre<\/div>\n    <\/a>\n    <div class=\"item item_year secondary\">\n        <div class=\"year\">2024<\/div>\n    <\/div>\n    <a class=\"item item_event\" href=\"http:\/\/www.virgajessefeesten.be\/\" target=\"_blank\" style=\"background:url(\/wp-content\/uploads\/2020\/09\/Hasselt-10332-1920.jpg);\" rel=\"noopener\">\n        <div class=\"overlay secondary\"><\/div>\n        <div class=\"title\">Hasselt<\/div>\n        <div class=\"date\"><\/div>\n    <\/a>\n    <a class=\"item item_event\" href=\"http:\/\/www.fetessaintremacle.be\/\" target=\"_blank\" style=\"background:url(\/wp-content\/uploads\/2020\/09\/Stavelot-10332-1920.jpg);\" rel=\"noopener\">\n        <div class=\"overlay secondary\"><\/div>\n        <div class=\"title\">Stavelot<\/div>\n        <div class=\"date\"><\/div>\n    <\/a>\n    <div class=\"item item_year\">\n        <div class=\"year\">2025<\/div>\n    <\/div>\n    <a class=\"item item_event\" href=\"https:\/\/heiligdomsvaartmaastricht.nl\/nl\" target=\"_blank\" style=\"background:url(\/wp-content\/uploads\/2020\/09\/Maastricht-10332-1920.jpg);\" rel=\"noopener\">\n        <div class=\"overlay\"><\/div>\n        <div class=\"title\">Maastricht<\/div>\n        <div class=\"date\"><\/div>\n    <\/a>\n    <div class=\"item item_year secondary\">\n        <div class=\"year\">2026<\/div>\n    <\/div>\n    <a class=\"item item_event\" href=\"https:\/\/www.trudofeesten.be\/\" target=\"_blank\" style=\"background:url(\/wp-content\/uploads\/2020\/09\/sint-truiden-10332-1920.jpg);\" rel=\"noopener\">\n        <div class=\"overlay secondary\"><\/div>\n        <div class=\"title\">Sint-Truiden<\/div>\n        <div class=\"date\"><\/div>\n    <\/a>\n    <a class=\"item item_event\" href=\"https:\/\/www.huy.be\/actualites\/septennales-2019-un-programme-riche-et-varie\" target=\"_blank\" style=\"background:url(\/wp-content\/uploads\/2020\/09\/Hoei-10332-1920.jpg);\" rel=\"noopener\">\n        <div class=\"overlay secondary\"><\/div>\n        <div class=\"title\">Hoei<\/div>\n        <div class=\"date\"><\/div>\n    <\/a>\n    <div class=\"item item_year\">\n        <div class=\"year\"><\/div>\n    <\/div>\n    <div class=\"item item_year secondary\">\n        <div class=\"year\"><\/div>\n    <\/div>\n<\/div>\t\t\t\t<\/div>\n\t\t\t\t<\/div>\n\t\t\t\t\t<\/div>\n\t\t<\/div>\n\t\t\t\t\t<\/div>\n\t\t<\/section>\n\t\t\t\t<\/div>","protected":false},"excerpt":{"rendered":"<p>7-JAARLIJKSE FEESTENIN DE EUREGIO Informeel bestaat er al een \u201ceuregionale\u201d samenwerking van in tijden dat er nog geen sprake was van de huidige landen Belgi\u00eb, Nederland en Duitsland, laat staan de Euregio. Zo bestond in de 15de eeuw de mogelijkheid om een \u201cvolle aflaat\u201d te verdienen door deelname aan de heiligdomsvaart met reliekentoning in Aken, [&hellip;]<\/p>\n","protected":false},"author":1,"featured_media":0,"parent":0,"menu_order":0,"comment_status":"closed","ping_status":"closed","template":"","meta":{"_acf_changed":false,"footnotes":""},"class_list":["post-990","page","type-page","status-publish","hentry"],"acf":[],"_links":{"self":[{"href":"https:\/\/www.kroningsfeesten.be\/fr\/wp-json\/wp\/v2\/pages\/990","targetHints":{"allow":["GET"]}}],"collection":[{"href":"https:\/\/www.kroningsfeesten.be\/fr\/wp-json\/wp\/v2\/pages"}],"about":[{"href":"https:\/\/www.kroningsfeesten.be\/fr\/wp-json\/wp\/v2\/types\/page"}],"author":[{"embeddable":true,"href":"https:\/\/www.kroningsfeesten.be\/fr\/wp-json\/wp\/v2\/users\/1"}],"replies":[{"embeddable":true,"href":"https:\/\/www.kroningsfeesten.be\/fr\/wp-json\/wp\/v2\/comments?post=990"}],"version-history":[{"count":38,"href":"https:\/\/www.kroningsfeesten.be\/fr\/wp-json\/wp\/v2\/pages\/990\/revisions"}],"predecessor-version":[{"id":4968,"href":"https:\/\/www.kroningsfeesten.be\/fr\/wp-json\/wp\/v2\/pages\/990\/revisions\/4968"}],"wp:attachment":[{"href":"https:\/\/www.kroningsfeesten.be\/fr\/wp-json\/wp\/v2\/media?parent=990"}],"curies":[{"name":"wp","href":"https:\/\/api.w.org\/{rel}","templated":true}]}}