{"id":546,"date":"2020-07-07T13:08:35","date_gmt":"2020-07-07T11:08:35","guid":{"rendered":"https:\/\/kroningsfeesten.webmatic.be\/?page_id=546"},"modified":"2024-04-21T08:26:13","modified_gmt":"2024-04-21T06:26:13","slug":"bienvenue-a","status":"publish","type":"page","link":"https:\/\/www.kroningsfeesten.be\/fr\/welkom\/","title":{"rendered":"Bienvenue"},"content":{"rendered":"<div data-elementor-type=\"wp-page\" data-elementor-id=\"546\" class=\"elementor elementor-546\" data-elementor-post-type=\"page\">\n\t\t\t\t\t\t<section class=\"elementor-section elementor-top-section elementor-element elementor-element-411e43b elementor-section-full_width p_tb_none elementor-section-height-default elementor-section-height-default\" data-id=\"411e43b\" data-element_type=\"section\" data-e-type=\"section\">\n\t\t\t\t\t\t<div class=\"elementor-container elementor-column-gap-default\">\n\t\t\t\t\t<div class=\"elementor-column elementor-col-100 elementor-top-column elementor-element elementor-element-3b0c82d p_none\" data-id=\"3b0c82d\" data-element_type=\"column\" data-e-type=\"column\">\n\t\t\t<div class=\"elementor-widget-wrap elementor-element-populated\">\n\t\t\t\t\t\t<div class=\"elementor-element elementor-element-78b7160 elementor-widget elementor-widget-template\" data-id=\"78b7160\" data-element_type=\"widget\" data-e-type=\"widget\" data-widget_type=\"template.default\">\n\t\t\t\t<div class=\"elementor-widget-container\">\n\t\t\t\t\t\t\t<div class=\"elementor-template\">\n\t\t\t\t\t<div data-elementor-type=\"section\" data-elementor-id=\"592\" class=\"elementor elementor-592\" data-elementor-post-type=\"elementor_library\">\n\t\t\t\t\t<section class=\"elementor-section elementor-top-section elementor-element elementor-element-babf342 elementor-section-full_width wbm_hero p_tb_none elementor-section-height-default elementor-section-height-default\" data-id=\"babf342\" data-element_type=\"section\" data-e-type=\"section\">\n\t\t\t\t\t\t<div class=\"elementor-container elementor-column-gap-default\">\n\t\t\t\t\t<div class=\"elementor-column elementor-col-100 elementor-top-column elementor-element elementor-element-ac983ba\" data-id=\"ac983ba\" data-element_type=\"column\" data-e-type=\"column\">\n\t\t\t<div class=\"elementor-widget-wrap elementor-element-populated\">\n\t\t\t\t\t\t<div class=\"elementor-element elementor-element-60abe84 m_b_none elementor--h-position-center elementor--v-position-middle elementor-pagination-position-inside elementor-widget elementor-widget-slides\" data-id=\"60abe84\" data-element_type=\"widget\" data-e-type=\"widget\" data-settings=\"{&quot;navigation&quot;:&quot;dots&quot;,&quot;autoplay_speed&quot;:7500,&quot;autoplay&quot;:&quot;yes&quot;,&quot;pause_on_hover&quot;:&quot;yes&quot;,&quot;pause_on_interaction&quot;:&quot;yes&quot;,&quot;infinite&quot;:&quot;yes&quot;,&quot;transition&quot;:&quot;slide&quot;,&quot;transition_speed&quot;:500}\" data-widget_type=\"slides.default\">\n\t\t\t\t<div class=\"elementor-widget-container\">\n\t\t\t\t\t\t\t\t\t<div class=\"elementor-swiper\">\n\t\t\t\t\t<div class=\"elementor-slides-wrapper elementor-main-swiper swiper\" role=\"region\" aria-roledescription=\"carousel\" aria-label=\"Folien\" dir=\"ltr\" data-animation=\"fadeInUp\" data-no-translation-aria-label=\"\">\n\t\t\t\t<div class=\"swiper-wrapper elementor-slides\">\n\t\t\t\t\t\t\t\t\t\t<div class=\"elementor-repeater-item-265bdb4 swiper-slide\" role=\"group\" aria-roledescription=\"slide\"><div class=\"swiper-slide-bg\" role=\"img\" aria-label=\"691\"><\/div><div class=\"swiper-slide-inner\" ><div class=\"swiper-slide-contents\"><\/div><\/div><\/div><div class=\"elementor-repeater-item-bd4951a swiper-slide\" role=\"group\" aria-roledescription=\"slide\"><div class=\"swiper-slide-bg\" role=\"img\" aria-label=\"asset-4\"><\/div><div class=\"swiper-slide-inner\" ><div class=\"swiper-slide-contents\"><\/div><\/div><\/div><div class=\"elementor-repeater-item-9545436 swiper-slide\" role=\"group\" aria-roledescription=\"slide\"><div class=\"swiper-slide-bg\" role=\"img\" aria-label=\"Fo228\"><\/div><div class=\"swiper-slide-inner\" ><div class=\"swiper-slide-contents\"><\/div><\/div><\/div>\t\t\t\t<\/div>\n\t\t\t\t\t\t\t\t\t\t\t\t\t\t\t\t\t\t\t\t<div class=\"swiper-pagination\"><\/div>\n\t\t\t\t\t\t\t\t\t\t\t\t<\/div>\n\t\t\t\t<\/div>\n\t\t\t\t\t\t\t\t<\/div>\n\t\t\t\t<\/div>\n\t\t\t\t<div class=\"elementor-element elementor-element-ed0810c wbm_symbool_overlay elementor-widget elementor-widget-image\" data-id=\"ed0810c\" data-element_type=\"widget\" data-e-type=\"widget\" data-widget_type=\"image.default\">\n\t\t\t\t<div class=\"elementor-widget-container\">\n\t\t\t\t\t\t\t\t\t\t\t\t\t\t\t<img fetchpriority=\"high\" decoding=\"async\" width=\"745\" height=\"631\" src=\"https:\/\/www.kroningsfeesten.be\/wp-content\/uploads\/2020\/04\/symbool-overlay.png\" class=\"attachment-large size-large wp-image-224\" alt=\"\" srcset=\"https:\/\/www.kroningsfeesten.be\/wp-content\/uploads\/2020\/04\/symbool-overlay.png 745w, https:\/\/www.kroningsfeesten.be\/wp-content\/uploads\/2020\/04\/symbool-overlay-400x339.png 400w, https:\/\/www.kroningsfeesten.be\/wp-content\/uploads\/2020\/04\/symbool-overlay-600x508.png 600w, https:\/\/www.kroningsfeesten.be\/wp-content\/uploads\/2020\/04\/symbool-overlay-300x254.png 300w\" sizes=\"(max-width: 745px) 100vw, 745px\" \/>\t\t\t\t\t\t\t\t\t\t\t\t\t\t\t<\/div>\n\t\t\t\t<\/div>\n\t\t\t\t\t<\/div>\n\t\t<\/div>\n\t\t\t\t\t<\/div>\n\t\t<\/section>\n\t\t\t\t<section class=\"elementor-section elementor-top-section elementor-element elementor-element-5c50eeb p_tb_none elementor-section-boxed elementor-section-height-default elementor-section-height-default\" data-id=\"5c50eeb\" data-element_type=\"section\" data-e-type=\"section\">\n\t\t\t\t\t\t<div class=\"elementor-container elementor-column-gap-default\">\n\t\t\t\t\t<div class=\"elementor-column elementor-col-100 elementor-top-column elementor-element elementor-element-04a2244 p_t_none p_b_none\" data-id=\"04a2244\" data-element_type=\"column\" data-e-type=\"column\">\n\t\t\t<div class=\"elementor-widget-wrap elementor-element-populated\">\n\t\t\t\t\t\t<div class=\"elementor-element elementor-element-0b5482c wbm_hero_content elementor-widget elementor-widget-html\" data-id=\"0b5482c\" data-element_type=\"widget\" data-e-type=\"widget\" data-widget_type=\"html.default\">\n\t\t\t\t<div class=\"elementor-widget-container\">\n\t\t\t\t\t<div class=\"regel_1\">F\u00caTES DU<\/div>\n<div class=\"regel_2\">COURONNEMENT<\/div>\n<div class=\"regel_3\">TONGRES<\/div>\n<div class=\"regel_4\">7\/9\/12\/14 JUILLET 2030<\/div>\t\t\t\t<\/div>\n\t\t\t\t<\/div>\n\t\t\t\t\t<\/div>\n\t\t<\/div>\n\t\t\t\t\t<\/div>\n\t\t<\/section>\n\t\t\t\t<section class=\"elementor-section elementor-top-section elementor-element elementor-element-a824437 p_tb_none elementor-section-boxed elementor-section-height-default elementor-section-height-default\" data-id=\"a824437\" data-element_type=\"section\" data-e-type=\"section\">\n\t\t\t\t\t\t<div class=\"elementor-container elementor-column-gap-default\">\n\t\t\t\t\t<div class=\"elementor-column elementor-col-100 elementor-top-column elementor-element elementor-element-5bde0fc\" data-id=\"5bde0fc\" data-element_type=\"column\" data-e-type=\"column\">\n\t\t\t<div class=\"elementor-widget-wrap elementor-element-populated\">\n\t\t\t\t\t\t<div class=\"elementor-element elementor-element-e7af157 elementor-widget elementor-widget-html\" data-id=\"e7af157\" data-element_type=\"widget\" data-e-type=\"widget\" data-widget_type=\"html.default\">\n\t\t\t\t<div class=\"elementor-widget-container\">\n\t\t\t\t\t<div class=\"mediagalerij-link-wrapper\">\n    <img decoding=\"async\" src=\"https:\/\/www.kroningsfeesten.be\/wp-content\/uploads\/2023\/06\/mediagalerij.png\">\n    <a href=\"\/fr\/histoire-2\/\">Voir quelques impressions de l'\u00e9dition 2023 du Kroningsfeesten ici<\/a>\n<\/div>\t\t\t\t<\/div>\n\t\t\t\t<\/div>\n\t\t\t\t\t<\/div>\n\t\t<\/div>\n\t\t\t\t\t<\/div>\n\t\t<\/section>\n\t\t\t\t<\/div>\n\t\t\t\t<\/div>\n\t\t\t\t\t\t<\/div>\n\t\t\t\t<\/div>\n\t\t\t\t\t<\/div>\n\t\t<\/div>\n\t\t\t\t\t<\/div>\n\t\t<\/section>\n\t\t\t\t<section class=\"elementor-section elementor-top-section elementor-element elementor-element-651a157 elementor-section-boxed elementor-section-height-default elementor-section-height-default\" data-id=\"651a157\" data-element_type=\"section\" data-e-type=\"section\">\n\t\t\t\t\t\t<div class=\"elementor-container elementor-column-gap-default\">\n\t\t\t\t\t<div class=\"elementor-column elementor-col-50 elementor-top-column elementor-element elementor-element-5485406\" data-id=\"5485406\" data-element_type=\"column\" data-e-type=\"column\">\n\t\t\t<div class=\"elementor-widget-wrap elementor-element-populated\">\n\t\t\t\t\t\t<div class=\"elementor-element elementor-element-59bd14a elementor-widget elementor-widget-image\" data-id=\"59bd14a\" data-element_type=\"widget\" data-e-type=\"widget\" data-widget_type=\"image.default\">\n\t\t\t\t<div class=\"elementor-widget-container\">\n\t\t\t\t\t\t\t\t\t\t\t\t\t\t\t<img decoding=\"async\" width=\"800\" height=\"975\" src=\"https:\/\/www.kroningsfeesten.be\/wp-content\/uploads\/2020\/04\/\u00a9PSG.be-2180-114926-1920-840x1024.jpg\" class=\"attachment-large size-large wp-image-217\" alt=\"\" srcset=\"\" sizes=\"(max-width: 800px) 100vw, 800px\" data-srcset=\"\" \/>\t\t\t\t\t\t\t\t\t\t\t\t\t\t\t<\/div>\n\t\t\t\t<\/div>\n\t\t\t\t\t<\/div>\n\t\t<\/div>\n\t\t\t\t<div class=\"elementor-column elementor-col-50 elementor-top-column elementor-element elementor-element-deae7b9\" data-id=\"deae7b9\" data-element_type=\"column\" data-e-type=\"column\">\n\t\t\t<div class=\"elementor-widget-wrap elementor-element-populated\">\n\t\t\t\t\t\t<div class=\"elementor-element elementor-element-1acda90 m_b_none elementor-widget elementor-widget-heading\" data-id=\"1acda90\" data-element_type=\"widget\" data-e-type=\"widget\" data-widget_type=\"heading.default\">\n\t\t\t\t<div class=\"elementor-widget-container\">\n\t\t\t\t\t<h2 class=\"elementor-heading-title elementor-size-default\">BIENVENUE<\/h2>\t\t\t\t<\/div>\n\t\t\t\t<\/div>\n\t\t\t\t<div class=\"elementor-element elementor-element-94967fe c_primary elementor-widget-divider--view-line elementor-widget elementor-widget-divider\" data-id=\"94967fe\" data-element_type=\"widget\" data-e-type=\"widget\" data-widget_type=\"divider.default\">\n\t\t\t\t<div class=\"elementor-widget-container\">\n\t\t\t\t\t\t\t<div class=\"elementor-divider\">\n\t\t\t<span class=\"elementor-divider-separator\">\n\t\t\t\t\t\t<\/span>\n\t\t<\/div>\n\t\t\t\t\t\t<\/div>\n\t\t\t\t<\/div>\n\t\t\t\t<div class=\"elementor-element elementor-element-c60df97 p_t_none elementor-widget elementor-widget-text-editor\" data-id=\"c60df97\" data-element_type=\"widget\" data-e-type=\"widget\" data-widget_type=\"text-editor.default\">\n\t\t\t\t<div class=\"elementor-widget-container\">\n\t\t\t\t\t\t\t\t\t<p>Tongres est la plus ancienne ville de Belgique. En tant que plus ancien site marial de part et d'autre des Alpes, des p\u00e8lerinages y ont \u00e9t\u00e9 organis\u00e9s d\u00e8s le Moyen-\u00c2ge. Lorsque la statue de Notre-Dame \"Cause de notre joie\" a \u00e9t\u00e9 couronn\u00e9e en 1890, les habitants de Tongres ont d\u00e9cid\u00e9 de transformer les p\u00e8lerinages en un Kroningsfeesten septennal. Cette tradition, reconnue comme patrimoine culturel immat\u00e9riel, est encore vivante aujourd'hui. En 2023, le dernier Kroningsfeesten septennal a eu lieu. En 2030, le Kroningsfeesten sera organis\u00e9 pour la 20e fois. Le temps fort se d\u00e9roulera durant la semaine du 7 au 14 juillet, avec quatre d\u00e9fil\u00e9s et autant de jeux en soir\u00e9e. La participation massive des Tong\u00e9riens aux cort\u00e8ges et aux jeux du soir, les nombreuses rues d\u00e9cor\u00e9es, le Teseum - tr\u00e9sor de la basilique, le site arch\u00e9ologique sous la basilique, et la d\u00e9couverte de Tongres depuis la tour de la basilique, vous donneront sans aucun doute envie d'\u00eatre l\u00e0 en 2030. Nous vous souhaitons d'ores et d\u00e9j\u00e0 la bienvenue !<\/p>\t\t\t\t\t\t\t\t<\/div>\n\t\t\t\t<\/div>\n\t\t\t\t\t<\/div>\n\t\t<\/div>\n\t\t\t\t\t<\/div>\n\t\t<\/section>\n\t\t\t\t<section class=\"elementor-section elementor-top-section elementor-element elementor-element-fef9707 p_b_none elementor-section-boxed elementor-section-height-default elementor-section-height-default\" data-id=\"fef9707\" data-element_type=\"section\" data-e-type=\"section\">\n\t\t\t\t\t\t<div class=\"elementor-container elementor-column-gap-default\">\n\t\t\t\t\t<div class=\"elementor-column elementor-col-100 elementor-top-column elementor-element elementor-element-f881f57\" data-id=\"f881f57\" data-element_type=\"column\" data-e-type=\"column\">\n\t\t\t<div class=\"elementor-widget-wrap elementor-element-populated\">\n\t\t\t\t\t\t<div class=\"elementor-element elementor-element-1eaed39 m_b_none elementor-widget elementor-widget-heading\" data-id=\"1eaed39\" data-element_type=\"widget\" data-e-type=\"widget\" data-widget_type=\"heading.default\">\n\t\t\t\t<div class=\"elementor-widget-container\">\n\t\t\t\t\t<h2 class=\"elementor-heading-title elementor-size-default\"><span class=\"c_secondary\">LES AMIS<\/span> DU COURONNEMENT<\/h2>\t\t\t\t<\/div>\n\t\t\t\t<\/div>\n\t\t\t\t<div class=\"elementor-element elementor-element-6b8f3bc c_primary elementor-widget-divider--view-line elementor-widget elementor-widget-divider\" data-id=\"6b8f3bc\" data-element_type=\"widget\" data-e-type=\"widget\" data-widget_type=\"divider.default\">\n\t\t\t\t<div class=\"elementor-widget-container\">\n\t\t\t\t\t\t\t<div class=\"elementor-divider\">\n\t\t\t<span class=\"elementor-divider-separator\">\n\t\t\t\t\t\t<\/span>\n\t\t<\/div>\n\t\t\t\t\t\t<\/div>\n\t\t\t\t<\/div>\n\t\t\t\t\t<\/div>\n\t\t<\/div>\n\t\t\t\t\t<\/div>\n\t\t<\/section>\n\t\t\t\t<section class=\"elementor-section elementor-top-section elementor-element elementor-element-ed5d3b2 p_t_none elementor-section-boxed elementor-section-height-default elementor-section-height-default\" data-id=\"ed5d3b2\" data-element_type=\"section\" data-e-type=\"section\">\n\t\t\t\t\t\t<div class=\"elementor-container elementor-column-gap-default\">\n\t\t\t\t\t<div class=\"elementor-column elementor-col-50 elementor-top-column elementor-element elementor-element-7c6580b\" data-id=\"7c6580b\" data-element_type=\"column\" data-e-type=\"column\">\n\t\t\t<div class=\"elementor-widget-wrap elementor-element-populated\">\n\t\t\t\t\t\t<div class=\"elementor-element elementor-element-d65ab7a p_t_none elementor-widget elementor-widget-text-editor\" data-id=\"d65ab7a\" data-element_type=\"widget\" data-e-type=\"widget\" data-widget_type=\"text-editor.default\">\n\t\t\t\t<div class=\"elementor-widget-container\">\n\t\t\t\t\t\t\t\t\t<p>Sous la devise \"plusieurs petits font un grand\", nous vous invitons \u00e0 rejoindre les \"Amis du Couronnement 2023\" en faisant un don mensuel minimum de 5 euros. 5 euros par mois, c'est \u00e0 peine 16 centimes par jour ou 1,12 euro par semaine. Cependant, cela signifie 60 euros par an. Et ce pendant plusieurs ann\u00e9es.<\/p>\t\t\t\t\t\t\t\t<\/div>\n\t\t\t\t<\/div>\n\t\t\t\t<div class=\"elementor-element elementor-element-fd12758 subtitle elementor-widget elementor-widget-heading\" data-id=\"fd12758\" data-element_type=\"widget\" data-e-type=\"widget\" data-widget_type=\"heading.default\">\n\t\t\t\t<div class=\"elementor-widget-container\">\n\t\t\t\t\t<h3 class=\"elementor-heading-title elementor-size-default\">DEVENIR MEMBRE<\/h3>\t\t\t\t<\/div>\n\t\t\t\t<\/div>\n\t\t\t\t<div class=\"elementor-element elementor-element-f33fa40 p_t_none elementor-widget elementor-widget-text-editor\" data-id=\"f33fa40\" data-element_type=\"widget\" data-e-type=\"widget\" data-widget_type=\"text-editor.default\">\n\t\t\t\t<div class=\"elementor-widget-container\">\n\t\t\t\t\t\t\t\t\t<p>Vous pouvez devenir membre en donnant un ordre permanent \u00e0 votre institution bancaire pour effectuer un d\u00e9p\u00f4t mensuel sur le num\u00e9ro de compte des Amis du Couronnement IBAN : BE66 7453 3909 0043.<\/p><p>BIC : KREDBEBB. Ensemble, nous pouvons \u00e9conomiser une belle somme d'argent pour les c\u00e9l\u00e9brations du couronnement de 2023.<\/p>\t\t\t\t\t\t\t\t<\/div>\n\t\t\t\t<\/div>\n\t\t\t\t\t<\/div>\n\t\t<\/div>\n\t\t\t\t<div class=\"elementor-column elementor-col-50 elementor-top-column elementor-element elementor-element-0f75c35\" data-id=\"0f75c35\" data-element_type=\"column\" data-e-type=\"column\">\n\t\t\t<div class=\"elementor-widget-wrap elementor-element-populated\">\n\t\t\t\t\t\t<div class=\"elementor-element elementor-element-45a3125 elementor-widget elementor-widget-image\" data-id=\"45a3125\" data-element_type=\"widget\" data-e-type=\"widget\" data-widget_type=\"image.default\">\n\t\t\t\t<div class=\"elementor-widget-container\">\n\t\t\t\t\t\t\t\t\t\t\t\t\t\t\t<img decoding=\"async\" width=\"900\" height=\"557\" src=\"https:\/\/www.kroningsfeesten.be\/wp-content\/uploads\/2020\/04\/DSC3965-HDR-114926-1920-900x557.jpg\" class=\"attachment-900x0 size-900x0 wp-image-218\" alt=\"\" srcset=\"https:\/\/www.kroningsfeesten.be\/wp-content\/uploads\/2020\/04\/DSC3965-HDR-114926-1920-900x557.jpg 900w, https:\/\/www.kroningsfeesten.be\/wp-content\/uploads\/2020\/04\/DSC3965-HDR-114926-1920-400x248.jpg 400w, https:\/\/www.kroningsfeesten.be\/wp-content\/uploads\/2020\/04\/DSC3965-HDR-114926-1920-600x371.jpg 600w, https:\/\/www.kroningsfeesten.be\/wp-content\/uploads\/2020\/04\/DSC3965-HDR-114926-1920-300x186.jpg 300w, https:\/\/www.kroningsfeesten.be\/wp-content\/uploads\/2020\/04\/DSC3965-HDR-114926-1920-1024x634.jpg 1024w, https:\/\/www.kroningsfeesten.be\/wp-content\/uploads\/2020\/04\/DSC3965-HDR-114926-1920-768x475.jpg 768w, https:\/\/www.kroningsfeesten.be\/wp-content\/uploads\/2020\/04\/DSC3965-HDR-114926-1920-1536x950.jpg 1536w, https:\/\/www.kroningsfeesten.be\/wp-content\/uploads\/2020\/04\/DSC3965-HDR-114926-1920.jpg 1920w\" sizes=\"(max-width: 900px) 100vw, 900px\" \/>\t\t\t\t\t\t\t\t\t\t\t\t\t\t\t<\/div>\n\t\t\t\t<\/div>\n\t\t\t\t\t<\/div>\n\t\t<\/div>\n\t\t\t\t\t<\/div>\n\t\t<\/section>\n\t\t\t\t<\/div>","protected":false},"excerpt":{"rendered":"<p>WELKOM Tongeren is de oudste stad van Belgi\u00eb. Als oudste Maria-oord aan deze zijde van de Alpen werden hier reeds in de middeleeuwen heiligdomsvaarten georganiseerd. Toen in 1890 het beeld van Onze-Lieve-Vrouw \u201cOorzaak Onzer Blijdschap\u201d gekroond werd besloot de Tongerse bevolking de heiligdomsvaarten uit te bouwen tot zevenjaarlijkse Kroningsfeesten. Deze traditie, erkend als immaterieel cultureel [&hellip;]<\/p>\n","protected":false},"author":1,"featured_media":0,"parent":0,"menu_order":0,"comment_status":"closed","ping_status":"closed","template":"","meta":{"_acf_changed":false,"footnotes":""},"class_list":["post-546","page","type-page","status-publish","hentry"],"acf":[],"_links":{"self":[{"href":"https:\/\/www.kroningsfeesten.be\/fr\/wp-json\/wp\/v2\/pages\/546","targetHints":{"allow":["GET"]}}],"collection":[{"href":"https:\/\/www.kroningsfeesten.be\/fr\/wp-json\/wp\/v2\/pages"}],"about":[{"href":"https:\/\/www.kroningsfeesten.be\/fr\/wp-json\/wp\/v2\/types\/page"}],"author":[{"embeddable":true,"href":"https:\/\/www.kroningsfeesten.be\/fr\/wp-json\/wp\/v2\/users\/1"}],"replies":[{"embeddable":true,"href":"https:\/\/www.kroningsfeesten.be\/fr\/wp-json\/wp\/v2\/comments?post=546"}],"version-history":[{"count":10,"href":"https:\/\/www.kroningsfeesten.be\/fr\/wp-json\/wp\/v2\/pages\/546\/revisions"}],"predecessor-version":[{"id":10565,"href":"https:\/\/www.kroningsfeesten.be\/fr\/wp-json\/wp\/v2\/pages\/546\/revisions\/10565"}],"wp:attachment":[{"href":"https:\/\/www.kroningsfeesten.be\/fr\/wp-json\/wp\/v2\/media?parent=546"}],"curies":[{"name":"wp","href":"https:\/\/api.w.org\/{rel}","templated":true}]}}