{"id":7804,"date":"2023-05-10T12:24:12","date_gmt":"2023-05-10T10:24:12","guid":{"rendered":"https:\/\/www.kroningsfeesten.be\/?post_type=product&#038;p=7804"},"modified":"2023-07-08T20:18:01","modified_gmt":"2023-07-08T18:18:01","slug":"kronung-filmprozess-und-ereignis-2023","status":"publish","type":"product","link":"https:\/\/www.kroningsfeesten.be\/de\/product\/kroningsfilm-processie-en-avondspel-2023\/","title":{"rendered":"Kr\u00f6nungsfilm 2023 Festumzug + Spielabend"},"content":{"rendered":"<p>Diese Kr\u00f6nungsausgabe enth\u00e4lt auch einen Kr\u00f6nungsfilm vom Festumzug und vom Abendspiel. Um der Kr\u00f6nungsprozession noch mehr gerecht zu werden, wird sie auf der Grundlage eines Interviews von Rudi Moesen mit Peter Bruggen vom Kr\u00f6nungskomitee kommentiert. Die Kr\u00f6nungsprozession wird in ihrer Gesamtheit live gezeigt. Die Aufnahmen fanden am Sonntag, dem 2. Juli 2023, statt. Als Tr\u00e4ger wurde ein USB-Stick gew\u00e4hlt, so dass der Kr\u00f6nungsfilm sowohl im Fernsehen als auch auf dem PC oder Tablet abgespielt werden kann. Dieser Stick befindet sich in einer sch\u00f6nen Kr\u00f6nungsbox.<br \/>\n<strong>Die Bestellung kann f\u00fcr 35 \u20ac + 2 \u20ac Bearbeitungsgeb\u00fchr erfolgen.<\/strong><\/p>","protected":false},"excerpt":{"rendered":"<p>Ook deze kroningseditie is er een Kroningsfilm van de processie \u00e9n het avondspel. Om de Kroningsprocessie nog meer tot zijn recht te laten komen is ze becommentarieerd aan de hand van een interview van Rudi Moesen met Peter Bruggen van het Kroningscomit\u00e9. Het Kroningsavondspel wordt integraal live weergegeven. De opnames vonden plaats op zondag 2 [&hellip;]<\/p>\n","protected":false},"featured_media":7950,"template":"","meta":{"_acf_changed":false},"product_brand":[],"product_cat":[24],"product_tag":[],"class_list":{"0":"post-7804","1":"product","2":"type-product","3":"status-publish","4":"has-post-thumbnail","6":"product_cat-geen-categorie","8":"first","9":"instock","10":"taxable","11":"shipping-taxable","12":"purchasable","13":"product-type-simple"},"acf":[],"_links":{"self":[{"href":"https:\/\/www.kroningsfeesten.be\/de\/wp-json\/wp\/v2\/product\/7804","targetHints":{"allow":["GET"]}}],"collection":[{"href":"https:\/\/www.kroningsfeesten.be\/de\/wp-json\/wp\/v2\/product"}],"about":[{"href":"https:\/\/www.kroningsfeesten.be\/de\/wp-json\/wp\/v2\/types\/product"}],"wp:featuredmedia":[{"embeddable":true,"href":"https:\/\/www.kroningsfeesten.be\/de\/wp-json\/wp\/v2\/media\/7950"}],"wp:attachment":[{"href":"https:\/\/www.kroningsfeesten.be\/de\/wp-json\/wp\/v2\/media?parent=7804"}],"wp:term":[{"taxonomy":"product_brand","embeddable":true,"href":"https:\/\/www.kroningsfeesten.be\/de\/wp-json\/wp\/v2\/product_brand?post=7804"},{"taxonomy":"product_cat","embeddable":true,"href":"https:\/\/www.kroningsfeesten.be\/de\/wp-json\/wp\/v2\/product_cat?post=7804"},{"taxonomy":"product_tag","embeddable":true,"href":"https:\/\/www.kroningsfeesten.be\/de\/wp-json\/wp\/v2\/product_tag?post=7804"}],"curies":[{"name":"wp","href":"https:\/\/api.w.org\/{rel}","templated":true}]}}