{"id":445,"date":"2020-07-06T10:24:43","date_gmt":"2020-07-06T08:24:43","guid":{"rendered":"https:\/\/kroningsfeesten.webmatic.be\/?post_type=product&#038;p=445"},"modified":"2022-11-01T21:18:08","modified_gmt":"2022-11-01T20:18:08","slug":"buch-100-jahre-kronung","status":"publish","type":"product","link":"https:\/\/www.kroningsfeesten.be\/de\/product\/boek-100-jaar-kroning\/","title":{"rendered":"Buch 100 Jahre Kr\u00f6nung"},"content":{"rendered":"<p>Anl\u00e4sslich des 100-j\u00e4hrigen Bestehens von Kr\u00f6nungsfeste im Jahr 1990 wurde das Buch 100 Years of Kr\u00f6nung ver\u00f6ffentlicht. Das Buch erz\u00e4hlt die Geschichte der Marienverehrung durch Tausende von Tongerner in den letzten 100 Jahren. Die Marienverehrung und das Kr\u00f6nungsfest sind nicht nur Ausdruck einer religi\u00f6sen \u00dcberzeugung, sondern auch Teil des kulturellen Erbes von Tongeren.<\/p>\n<div id=\"ConnectiveDocSignExtentionInstalled\" data-extension-version=\"1.0.4\"><\/div>","protected":false},"excerpt":{"rendered":"<p>&nbsp;<\/p>\n<div id=\"ConnectiveDocSignExtentionInstalled\" data-extension-version=\"1.0.4\"><\/div>","protected":false},"featured_media":470,"template":"","meta":{"_acf_changed":false},"product_brand":[],"product_cat":[47],"product_tag":[],"class_list":{"0":"post-445","1":"product","2":"type-product","3":"status-publish","4":"has-post-thumbnail","6":"product_cat-boek","8":"first","9":"instock","10":"taxable","11":"shipping-taxable","12":"purchasable","13":"product-type-simple"},"acf":[],"_links":{"self":[{"href":"https:\/\/www.kroningsfeesten.be\/de\/wp-json\/wp\/v2\/product\/445","targetHints":{"allow":["GET"]}}],"collection":[{"href":"https:\/\/www.kroningsfeesten.be\/de\/wp-json\/wp\/v2\/product"}],"about":[{"href":"https:\/\/www.kroningsfeesten.be\/de\/wp-json\/wp\/v2\/types\/product"}],"wp:featuredmedia":[{"embeddable":true,"href":"https:\/\/www.kroningsfeesten.be\/de\/wp-json\/wp\/v2\/media\/470"}],"wp:attachment":[{"href":"https:\/\/www.kroningsfeesten.be\/de\/wp-json\/wp\/v2\/media?parent=445"}],"wp:term":[{"taxonomy":"product_brand","embeddable":true,"href":"https:\/\/www.kroningsfeesten.be\/de\/wp-json\/wp\/v2\/product_brand?post=445"},{"taxonomy":"product_cat","embeddable":true,"href":"https:\/\/www.kroningsfeesten.be\/de\/wp-json\/wp\/v2\/product_cat?post=445"},{"taxonomy":"product_tag","embeddable":true,"href":"https:\/\/www.kroningsfeesten.be\/de\/wp-json\/wp\/v2\/product_tag?post=445"}],"curies":[{"name":"wp","href":"https:\/\/api.w.org\/{rel}","templated":true}]}}