{"id":444,"date":"2020-07-06T10:24:12","date_gmt":"2020-07-06T08:24:12","guid":{"rendered":"https:\/\/kroningsfeesten.webmatic.be\/?post_type=product&#038;p=444"},"modified":"2022-11-01T21:19:53","modified_gmt":"2022-11-01T20:19:53","slug":"liedbuch-kronungsfeste-zunge","status":"publish","type":"product","link":"https:\/\/www.kroningsfeesten.be\/de\/product\/liedboek-kroningsfeesten-tongeren\/","title":{"rendered":"Liederbuch Kr\u00f6nungsfeste Tongeren"},"content":{"rendered":"<p>Musik ist ein wesentlicher Bestandteil von Tongerens  Kr\u00f6nungsfeste. Ausgabe f\u00fcr Ausgabe wird der reiche Liederschatz erweitert. Das Singen der alten Lieder h\u00e4lt die Tradition lebendig, w\u00e4hrend die neuen Lieder ihre eigene zeitbedingte Atmosph\u00e4re hervorrufen. Dieses Liederbuch enth\u00e4lt eine Anthologie von 40 jungen und alten, bekannten und weniger bekannten Kr\u00f6nungsliedern. Sie wurden anl\u00e4sslich der Kr\u00f6nungsfeste 2002 zusammengef\u00fchrt.<\/p>\n<div id=\"ConnectiveDocSignExtentionInstalled\" data-extension-version=\"1.0.4\"><\/div>","protected":false},"excerpt":{"rendered":"<p>&nbsp;<\/p>\n<div id=\"ConnectiveDocSignExtentionInstalled\" data-extension-version=\"1.0.4\"><\/div>","protected":false},"featured_media":467,"template":"","meta":{"_acf_changed":false},"product_brand":[],"product_cat":[47,46],"product_tag":[],"class_list":{"0":"post-444","1":"product","2":"type-product","3":"status-publish","4":"has-post-thumbnail","6":"product_cat-boek","7":"product_cat-muziek","9":"first","10":"instock","11":"taxable","12":"shipping-taxable","13":"purchasable","14":"product-type-simple"},"acf":[],"_links":{"self":[{"href":"https:\/\/www.kroningsfeesten.be\/de\/wp-json\/wp\/v2\/product\/444","targetHints":{"allow":["GET"]}}],"collection":[{"href":"https:\/\/www.kroningsfeesten.be\/de\/wp-json\/wp\/v2\/product"}],"about":[{"href":"https:\/\/www.kroningsfeesten.be\/de\/wp-json\/wp\/v2\/types\/product"}],"wp:featuredmedia":[{"embeddable":true,"href":"https:\/\/www.kroningsfeesten.be\/de\/wp-json\/wp\/v2\/media\/467"}],"wp:attachment":[{"href":"https:\/\/www.kroningsfeesten.be\/de\/wp-json\/wp\/v2\/media?parent=444"}],"wp:term":[{"taxonomy":"product_brand","embeddable":true,"href":"https:\/\/www.kroningsfeesten.be\/de\/wp-json\/wp\/v2\/product_brand?post=444"},{"taxonomy":"product_cat","embeddable":true,"href":"https:\/\/www.kroningsfeesten.be\/de\/wp-json\/wp\/v2\/product_cat?post=444"},{"taxonomy":"product_tag","embeddable":true,"href":"https:\/\/www.kroningsfeesten.be\/de\/wp-json\/wp\/v2\/product_tag?post=444"}],"curies":[{"name":"wp","href":"https:\/\/api.w.org\/{rel}","templated":true}]}}