{"id":435,"date":"2020-07-06T10:20:03","date_gmt":"2020-07-06T08:20:03","guid":{"rendered":"https:\/\/kroningsfeesten.webmatic.be\/?post_type=product&#038;p=435"},"modified":"2022-11-01T21:48:02","modified_gmt":"2022-11-01T20:48:02","slug":"kronungskopfe","status":"publish","type":"product","link":"https:\/\/www.kroningsfeesten.be\/de\/product\/kroningskoppen\/","title":{"rendered":"Kr\u00f6nungsbilder"},"content":{"rendered":"<p>Dany Lousbergh hat f\u00fcr das Kr\u00f6nungskomitee eine DVD zusammengestellt. Es handelt sich um eine Auswahl von Hunderten von Kr\u00f6nungsfotos, die Dany bei jeder Kr\u00f6nungsausgabe seit 1967 aufgenommen hat. Die DVD ist eine durchgehende Foto-Impression mit 240 Fotos, die Sie durch 40 Jahre Kr\u00f6nungsgeschichte f\u00fchrt. F\u00fcr die Musik wurden Werke von Arthur und seinem Bruder Herman Meulemans ausgew\u00e4hlt. Sie k\u00f6nnen auch die Kr\u00f6nungsmusik h\u00f6ren, die auf dem Glockenspiel in der Basilika Unserer Lieben Frau gespielt wird.<\/p>\n<div id=\"ConnectiveDocSignExtentionInstalled\" data-extension-version=\"1.0.4\"><\/div>","protected":false},"excerpt":{"rendered":"<p>&nbsp;<\/p>\n<div id=\"ConnectiveDocSignExtentionInstalled\" data-extension-version=\"1.0.4\"><\/div>","protected":false},"featured_media":466,"template":"","meta":{"_acf_changed":false},"product_brand":[],"product_cat":[49],"product_tag":[],"class_list":{"0":"post-435","1":"product","2":"type-product","3":"status-publish","4":"has-post-thumbnail","6":"product_cat-dvd","8":"first","9":"instock","10":"taxable","11":"shipping-taxable","12":"purchasable","13":"product-type-simple"},"acf":[],"_links":{"self":[{"href":"https:\/\/www.kroningsfeesten.be\/de\/wp-json\/wp\/v2\/product\/435","targetHints":{"allow":["GET"]}}],"collection":[{"href":"https:\/\/www.kroningsfeesten.be\/de\/wp-json\/wp\/v2\/product"}],"about":[{"href":"https:\/\/www.kroningsfeesten.be\/de\/wp-json\/wp\/v2\/types\/product"}],"wp:featuredmedia":[{"embeddable":true,"href":"https:\/\/www.kroningsfeesten.be\/de\/wp-json\/wp\/v2\/media\/466"}],"wp:attachment":[{"href":"https:\/\/www.kroningsfeesten.be\/de\/wp-json\/wp\/v2\/media?parent=435"}],"wp:term":[{"taxonomy":"product_brand","embeddable":true,"href":"https:\/\/www.kroningsfeesten.be\/de\/wp-json\/wp\/v2\/product_brand?post=435"},{"taxonomy":"product_cat","embeddable":true,"href":"https:\/\/www.kroningsfeesten.be\/de\/wp-json\/wp\/v2\/product_cat?post=435"},{"taxonomy":"product_tag","embeddable":true,"href":"https:\/\/www.kroningsfeesten.be\/de\/wp-json\/wp\/v2\/product_tag?post=435"}],"curies":[{"name":"wp","href":"https:\/\/api.w.org\/{rel}","templated":true}]}}