{"id":5626,"date":"2022-08-09T11:57:07","date_gmt":"2022-08-09T09:57:07","guid":{"rendered":"https:\/\/www.kroningsfeesten.be\/?page_id=5626"},"modified":"2022-08-09T11:59:57","modified_gmt":"2022-08-09T09:59:57","slug":"schifffahrtspolitik","status":"publish","type":"page","link":"https:\/\/www.kroningsfeesten.be\/de\/verzendbeleid\/","title":{"rendered":"Versandpolitik"},"content":{"rendered":"<div data-elementor-type=\"wp-page\" data-elementor-id=\"5626\" class=\"elementor elementor-5626\" data-elementor-post-type=\"page\">\n\t\t\t\t\t\t<section class=\"elementor-section elementor-top-section elementor-element elementor-element-952b266 p_b_none elementor-section-boxed elementor-section-height-default elementor-section-height-default\" data-id=\"952b266\" data-element_type=\"section\" data-e-type=\"section\">\n\t\t\t\t\t\t<div class=\"elementor-container elementor-column-gap-default\">\n\t\t\t\t\t<div class=\"elementor-column elementor-col-100 elementor-top-column elementor-element elementor-element-bf004f0\" data-id=\"bf004f0\" data-element_type=\"column\" data-e-type=\"column\">\n\t\t\t<div class=\"elementor-widget-wrap elementor-element-populated\">\n\t\t\t\t\t\t<div class=\"elementor-element elementor-element-e349284 m_b_none elementor-widget elementor-widget-heading\" data-id=\"e349284\" data-element_type=\"widget\" data-e-type=\"widget\" data-widget_type=\"heading.default\">\n\t\t\t\t<div class=\"elementor-widget-container\">\n\t\t\t\t\t<h1 class=\"elementor-heading-title elementor-size-default\">SENDUNGSPOLITIK<\/h1>\t\t\t\t<\/div>\n\t\t\t\t<\/div>\n\t\t\t\t<div class=\"elementor-element elementor-element-ccaaa7a c_primary elementor-widget-divider--view-line elementor-widget elementor-widget-divider\" data-id=\"ccaaa7a\" data-element_type=\"widget\" data-e-type=\"widget\" data-widget_type=\"divider.default\">\n\t\t\t\t<div class=\"elementor-widget-container\">\n\t\t\t\t\t\t\t<div class=\"elementor-divider\">\n\t\t\t<span class=\"elementor-divider-separator\">\n\t\t\t\t\t\t<\/span>\n\t\t<\/div>\n\t\t\t\t\t\t<\/div>\n\t\t\t\t<\/div>\n\t\t\t\t\t<\/div>\n\t\t<\/div>\n\t\t\t\t\t<\/div>\n\t\t<\/section>\n\t\t\t\t<section class=\"elementor-section elementor-top-section elementor-element elementor-element-476bcda cw_medium elementor-section-boxed elementor-section-height-default elementor-section-height-default\" data-id=\"476bcda\" data-element_type=\"section\" data-e-type=\"section\">\n\t\t\t\t\t\t<div class=\"elementor-container elementor-column-gap-default\">\n\t\t\t\t\t<div class=\"elementor-column elementor-col-100 elementor-top-column elementor-element elementor-element-940976a\" data-id=\"940976a\" data-element_type=\"column\" data-e-type=\"column\">\n\t\t\t<div class=\"elementor-widget-wrap elementor-element-populated\">\n\t\t\t\t\t\t<div class=\"elementor-element elementor-element-25fea0c elementor-widget elementor-widget-text-editor\" data-id=\"25fea0c\" data-element_type=\"widget\" data-e-type=\"widget\" data-widget_type=\"text-editor.default\">\n\t\t\t\t<div class=\"elementor-widget-container\">\n\t\t\t\t\t\t\t\t\t<p>Wir tun unser Bestes, um Ihre Bestellung so schnell wie m\u00f6glich zu liefern. Allerdings gelingt uns dies nicht immer, manchmal sind Produkte nicht auf Lager und dann kann die Lieferung Ihrer Bestellung etwas l\u00e4nger dauern. Wir werden Sie selbstverst\u00e4ndlich so schnell wie m\u00f6glich \u00fcber etwaige Probleme mit Ihrer Sendung informieren.<\/p><p>Wir nutzen die Dienste einer externen Partei f\u00fcr den Versand. In der Regel erfolgt die Zustellung am n\u00e4chsten Werktag zwischen 9:00 und 18:00 Uhr. Leider k\u00f6nnen wir die Lieferzeit nicht garantieren.<\/p><p>Die Versandkosten werden w\u00e4hrend des Bestellvorgangs deutlich angezeigt.<\/p><p><strong>Ich habe die falsche Lieferadresse angegeben!<\/strong><\/p><p>Sie haben versehentlich eine falsche Lieferadresse angegeben? Bitte kontaktieren Sie uns so schnell wie m\u00f6glich. Wir werden dann versuchen, die Bestellung f\u00fcr Sie zu \u00e4ndern.<\/p><p><strong>Weitere Fragen?<\/strong><\/p><p>Weitere Einzelheiten zu unserer Erstattungs- und R\u00fcckgabepolitik finden Sie in unserer <a href=\"\/de\/voorwaarden-condities\/\">Allgemeine Bedingungen und Konditionen<\/a>.<\/p>\t\t\t\t\t\t\t\t<\/div>\n\t\t\t\t<\/div>\n\t\t\t\t\t<\/div>\n\t\t<\/div>\n\t\t\t\t\t<\/div>\n\t\t<\/section>\n\t\t\t\t<\/div>","protected":false},"excerpt":{"rendered":"<p>VERZENDBELEID Wij doen zorgvuldig ons best de bestelling zo spoedig mogelijk bij u af te leveren. Niet altijd lukt het ons echter om dit na te komen, soms zijn producten niet voorradig en dan kan de levering van uw bestelling iets langer duren. Wij brengen u uiteraard zo spoedig mogelijk op de hoogte van een [&hellip;]<\/p>\n","protected":false},"author":1,"featured_media":0,"parent":0,"menu_order":0,"comment_status":"closed","ping_status":"closed","template":"","meta":{"_acf_changed":false,"footnotes":""},"class_list":["post-5626","page","type-page","status-publish","hentry"],"acf":[],"_links":{"self":[{"href":"https:\/\/www.kroningsfeesten.be\/de\/wp-json\/wp\/v2\/pages\/5626","targetHints":{"allow":["GET"]}}],"collection":[{"href":"https:\/\/www.kroningsfeesten.be\/de\/wp-json\/wp\/v2\/pages"}],"about":[{"href":"https:\/\/www.kroningsfeesten.be\/de\/wp-json\/wp\/v2\/types\/page"}],"author":[{"embeddable":true,"href":"https:\/\/www.kroningsfeesten.be\/de\/wp-json\/wp\/v2\/users\/1"}],"replies":[{"embeddable":true,"href":"https:\/\/www.kroningsfeesten.be\/de\/wp-json\/wp\/v2\/comments?post=5626"}],"version-history":[{"count":4,"href":"https:\/\/www.kroningsfeesten.be\/de\/wp-json\/wp\/v2\/pages\/5626\/revisions"}],"predecessor-version":[{"id":5630,"href":"https:\/\/www.kroningsfeesten.be\/de\/wp-json\/wp\/v2\/pages\/5626\/revisions\/5630"}],"wp:attachment":[{"href":"https:\/\/www.kroningsfeesten.be\/de\/wp-json\/wp\/v2\/media?parent=5626"}],"curies":[{"name":"wp","href":"https:\/\/api.w.org\/{rel}","templated":true}]}}