{"id":1288,"date":"2020-10-18T07:56:52","date_gmt":"2020-10-18T05:56:52","guid":{"rendered":"https:\/\/kroningsfeesten.webmatic.be\/?page_id=1288"},"modified":"2020-10-26T11:17:03","modified_gmt":"2020-10-26T10:17:03","slug":"abendspiel-2","status":"publish","type":"page","link":"https:\/\/www.kroningsfeesten.be\/de\/avondspel\/","title":{"rendered":"Abendspiel"},"content":{"rendered":"<div data-elementor-type=\"wp-page\" data-elementor-id=\"1288\" class=\"elementor elementor-1288\" data-elementor-post-type=\"page\">\n\t\t\t\t\t\t<section class=\"elementor-section elementor-top-section elementor-element elementor-element-72aa1d2 elementor-section-full_width p_tb_none elementor-section-height-default elementor-section-height-default\" data-id=\"72aa1d2\" data-element_type=\"section\" data-e-type=\"section\">\n\t\t\t\t\t\t<div class=\"elementor-container elementor-column-gap-default\">\n\t\t\t\t\t<div class=\"elementor-column elementor-col-100 elementor-top-column elementor-element elementor-element-507cef4 p_none\" data-id=\"507cef4\" data-element_type=\"column\" data-e-type=\"column\">\n\t\t\t<div class=\"elementor-widget-wrap elementor-element-populated\">\n\t\t\t\t\t\t<div class=\"elementor-element elementor-element-f039d9a elementor-widget elementor-widget-template\" data-id=\"f039d9a\" data-element_type=\"widget\" data-e-type=\"widget\" data-widget_type=\"template.default\">\n\t\t\t\t<div class=\"elementor-widget-container\">\n\t\t\t\t\t\t\t<div class=\"elementor-template\">\n\t\t\t\t\t<div data-elementor-type=\"section\" data-elementor-id=\"592\" class=\"elementor elementor-592\" data-elementor-post-type=\"elementor_library\">\n\t\t\t\t\t<section class=\"elementor-section elementor-top-section elementor-element elementor-element-babf342 elementor-section-full_width wbm_hero p_tb_none elementor-section-height-default elementor-section-height-default\" data-id=\"babf342\" data-element_type=\"section\" data-e-type=\"section\">\n\t\t\t\t\t\t<div class=\"elementor-container elementor-column-gap-default\">\n\t\t\t\t\t<div class=\"elementor-column elementor-col-100 elementor-top-column elementor-element elementor-element-ac983ba\" data-id=\"ac983ba\" data-element_type=\"column\" data-e-type=\"column\">\n\t\t\t<div class=\"elementor-widget-wrap elementor-element-populated\">\n\t\t\t\t\t\t<div class=\"elementor-element elementor-element-60abe84 m_b_none elementor--h-position-center elementor--v-position-middle elementor-pagination-position-inside elementor-widget elementor-widget-slides\" data-id=\"60abe84\" data-element_type=\"widget\" data-e-type=\"widget\" data-settings=\"{&quot;navigation&quot;:&quot;dots&quot;,&quot;autoplay_speed&quot;:7500,&quot;autoplay&quot;:&quot;yes&quot;,&quot;pause_on_hover&quot;:&quot;yes&quot;,&quot;pause_on_interaction&quot;:&quot;yes&quot;,&quot;infinite&quot;:&quot;yes&quot;,&quot;transition&quot;:&quot;slide&quot;,&quot;transition_speed&quot;:500}\" data-widget_type=\"slides.default\">\n\t\t\t\t<div class=\"elementor-widget-container\">\n\t\t\t\t\t\t\t\t\t<div class=\"elementor-swiper\">\n\t\t\t\t\t<div class=\"elementor-slides-wrapper elementor-main-swiper swiper\" role=\"region\" aria-roledescription=\"carousel\" aria-label=\"Slides\" dir=\"ltr\" data-animation=\"fadeInUp\" data-no-translation-aria-label=\"\">\n\t\t\t\t<div class=\"swiper-wrapper elementor-slides\">\n\t\t\t\t\t\t\t\t\t\t<div class=\"elementor-repeater-item-265bdb4 swiper-slide\" role=\"group\" aria-roledescription=\"slide\"><div class=\"swiper-slide-bg\" role=\"img\" aria-label=\"691\"><\/div><div class=\"swiper-slide-inner\" ><div class=\"swiper-slide-contents\"><\/div><\/div><\/div><div class=\"elementor-repeater-item-bd4951a swiper-slide\" role=\"group\" aria-roledescription=\"slide\"><div class=\"swiper-slide-bg\" role=\"img\" aria-label=\"asset-4\"><\/div><div class=\"swiper-slide-inner\" ><div class=\"swiper-slide-contents\"><\/div><\/div><\/div><div class=\"elementor-repeater-item-9545436 swiper-slide\" role=\"group\" aria-roledescription=\"slide\"><div class=\"swiper-slide-bg\" role=\"img\" aria-label=\"Fo228\"><\/div><div class=\"swiper-slide-inner\" ><div class=\"swiper-slide-contents\"><\/div><\/div><\/div>\t\t\t\t<\/div>\n\t\t\t\t\t\t\t\t\t\t\t\t\t\t\t\t\t\t\t\t<div class=\"swiper-pagination\"><\/div>\n\t\t\t\t\t\t\t\t\t\t\t\t<\/div>\n\t\t\t\t<\/div>\n\t\t\t\t\t\t\t\t<\/div>\n\t\t\t\t<\/div>\n\t\t\t\t<div class=\"elementor-element elementor-element-ed0810c wbm_symbool_overlay elementor-widget elementor-widget-image\" data-id=\"ed0810c\" data-element_type=\"widget\" data-e-type=\"widget\" data-widget_type=\"image.default\">\n\t\t\t\t<div class=\"elementor-widget-container\">\n\t\t\t\t\t\t\t\t\t\t\t\t\t\t\t<img fetchpriority=\"high\" decoding=\"async\" width=\"745\" height=\"631\" src=\"https:\/\/www.kroningsfeesten.be\/wp-content\/uploads\/2020\/04\/symbool-overlay.png\" class=\"attachment-large size-large wp-image-224\" alt=\"\" srcset=\"https:\/\/www.kroningsfeesten.be\/wp-content\/uploads\/2020\/04\/symbool-overlay.png 745w, https:\/\/www.kroningsfeesten.be\/wp-content\/uploads\/2020\/04\/symbool-overlay-400x339.png 400w, https:\/\/www.kroningsfeesten.be\/wp-content\/uploads\/2020\/04\/symbool-overlay-600x508.png 600w, https:\/\/www.kroningsfeesten.be\/wp-content\/uploads\/2020\/04\/symbool-overlay-300x254.png 300w\" sizes=\"(max-width: 745px) 100vw, 745px\" \/>\t\t\t\t\t\t\t\t\t\t\t\t\t\t\t<\/div>\n\t\t\t\t<\/div>\n\t\t\t\t\t<\/div>\n\t\t<\/div>\n\t\t\t\t\t<\/div>\n\t\t<\/section>\n\t\t\t\t<section class=\"elementor-section elementor-top-section elementor-element elementor-element-5c50eeb p_tb_none elementor-section-boxed elementor-section-height-default elementor-section-height-default\" data-id=\"5c50eeb\" data-element_type=\"section\" data-e-type=\"section\">\n\t\t\t\t\t\t<div class=\"elementor-container elementor-column-gap-default\">\n\t\t\t\t\t<div class=\"elementor-column elementor-col-100 elementor-top-column elementor-element elementor-element-04a2244 p_t_none p_b_none\" data-id=\"04a2244\" data-element_type=\"column\" data-e-type=\"column\">\n\t\t\t<div class=\"elementor-widget-wrap elementor-element-populated\">\n\t\t\t\t\t\t<div class=\"elementor-element elementor-element-0b5482c wbm_hero_content elementor-widget elementor-widget-html\" data-id=\"0b5482c\" data-element_type=\"widget\" data-e-type=\"widget\" data-widget_type=\"html.default\">\n\t\t\t\t<div class=\"elementor-widget-container\">\n\t\t\t\t\t<div class=\"regel_1\">KR\u00d6NUNGS-<\/div>\n<div class=\"regel_2\">FESTE<\/div>\n<div class=\"regel_3\">TONGEREN<\/div>\n<div class=\"regel_4\">7\/9\/12\/14 JULI 2030<\/div>\t\t\t\t<\/div>\n\t\t\t\t<\/div>\n\t\t\t\t\t<\/div>\n\t\t<\/div>\n\t\t\t\t\t<\/div>\n\t\t<\/section>\n\t\t\t\t<section class=\"elementor-section elementor-top-section elementor-element elementor-element-a824437 p_tb_none elementor-section-boxed elementor-section-height-default elementor-section-height-default\" data-id=\"a824437\" data-element_type=\"section\" data-e-type=\"section\">\n\t\t\t\t\t\t<div class=\"elementor-container elementor-column-gap-default\">\n\t\t\t\t\t<div class=\"elementor-column elementor-col-100 elementor-top-column elementor-element elementor-element-5bde0fc\" data-id=\"5bde0fc\" data-element_type=\"column\" data-e-type=\"column\">\n\t\t\t<div class=\"elementor-widget-wrap elementor-element-populated\">\n\t\t\t\t\t\t<div class=\"elementor-element elementor-element-e7af157 elementor-widget elementor-widget-html\" data-id=\"e7af157\" data-element_type=\"widget\" data-e-type=\"widget\" data-widget_type=\"html.default\">\n\t\t\t\t<div class=\"elementor-widget-container\">\n\t\t\t\t\t<div class=\"mediagalerij-link-wrapper\">\n    <img decoding=\"async\" src=\"https:\/\/www.kroningsfeesten.be\/wp-content\/uploads\/2023\/06\/mediagalerij.png\">\n    <a href=\"\/de\/geschichte-2\/\">Sehen Sie hier einige Eindr\u00fccke von der vergangenen Kroningsfeesten edition 2023<\/a>\n<\/div>\t\t\t\t<\/div>\n\t\t\t\t<\/div>\n\t\t\t\t\t<\/div>\n\t\t<\/div>\n\t\t\t\t\t<\/div>\n\t\t<\/section>\n\t\t\t\t<\/div>\n\t\t\t\t<\/div>\n\t\t\t\t\t\t<\/div>\n\t\t\t\t<\/div>\n\t\t\t\t\t<\/div>\n\t\t<\/div>\n\t\t\t\t\t<\/div>\n\t\t<\/section>\n\t\t\t\t<section class=\"elementor-section elementor-top-section elementor-element elementor-element-d2770f2 p_b_none cw_medium elementor-section-boxed elementor-section-height-default elementor-section-height-default\" data-id=\"d2770f2\" data-element_type=\"section\" data-e-type=\"section\">\n\t\t\t\t\t\t<div class=\"elementor-container elementor-column-gap-default\">\n\t\t\t\t\t<div class=\"elementor-column elementor-col-100 elementor-top-column elementor-element elementor-element-fc996bb\" data-id=\"fc996bb\" data-element_type=\"column\" data-e-type=\"column\">\n\t\t\t<div class=\"elementor-widget-wrap elementor-element-populated\">\n\t\t\t\t\t\t<div class=\"elementor-element elementor-element-64e6069 m_b_none elementor-widget elementor-widget-heading\" data-id=\"64e6069\" data-element_type=\"widget\" data-e-type=\"widget\" data-widget_type=\"heading.default\">\n\t\t\t\t<div class=\"elementor-widget-container\">\n\t\t\t\t\t<h1 class=\"elementor-heading-title elementor-size-default\"><span class=\"c_secondary\"><\/span>DAS ABENDSPIEL<\/h1>\t\t\t\t<\/div>\n\t\t\t\t<\/div>\n\t\t\t\t<div class=\"elementor-element elementor-element-83797a3 c_primary elementor-widget-divider--view-line elementor-widget elementor-widget-divider\" data-id=\"83797a3\" data-element_type=\"widget\" data-e-type=\"widget\" data-widget_type=\"divider.default\">\n\t\t\t\t<div class=\"elementor-widget-container\">\n\t\t\t\t\t\t\t<div class=\"elementor-divider\">\n\t\t\t<span class=\"elementor-divider-separator\">\n\t\t\t\t\t\t<\/span>\n\t\t<\/div>\n\t\t\t\t\t\t<\/div>\n\t\t\t\t<\/div>\n\t\t\t\t\t<\/div>\n\t\t<\/div>\n\t\t\t\t\t<\/div>\n\t\t<\/section>\n\t\t\t\t<section class=\"elementor-section elementor-top-section elementor-element elementor-element-13319bf p_t_none elementor-section-boxed elementor-section-height-default elementor-section-height-default\" data-id=\"13319bf\" data-element_type=\"section\" data-e-type=\"section\">\n\t\t\t\t\t\t<div class=\"elementor-container elementor-column-gap-default\">\n\t\t\t\t\t<div class=\"elementor-column elementor-col-50 elementor-top-column elementor-element elementor-element-e29300b\" data-id=\"e29300b\" data-element_type=\"column\" data-e-type=\"column\">\n\t\t\t<div class=\"elementor-widget-wrap elementor-element-populated\">\n\t\t\t\t\t\t<div class=\"elementor-element elementor-element-03db2fe p_t_none elementor-widget elementor-widget-text-editor\" data-id=\"03db2fe\" data-element_type=\"widget\" data-e-type=\"widget\" data-widget_type=\"text-editor.default\">\n\t\t\t\t<div class=\"elementor-widget-container\">\n\t\t\t\t\t\t\t\t\t<p>Heute ist das Kr\u00f6nungsabendspiel untrennbar mit den Kr\u00f6nungsfesten verbunden. Wenn es Ihnen m\u00f6glich ist, bis zum Abend in der Stadt zu bleiben, bieten wir Ihnen dieses einzigartige Schauspiel kostenlos an. Sitzpl\u00e4tze k\u00f6nnen gegen Bezahlung reserviert werden.<\/p><p>Als Ort wurde der Marktplatz gew\u00e4hlt. Die stattlichen Basilikat\u00fcrme mit dem sch\u00f6nen Rathaus rechts und dem gegen\u00fcber des Podiums stolz und erhaben zuschauenden Ambiorix formten das B\u00fchnenbild. 3000 Figuranten lassen Sie das Leben von Maria in einem reichen Wechselspiel von Klang und Licht miterleben. So erz\u00e4hlt Ihnen dieses Kr\u00f6nungsspiel das Leben Mariens, Mutter von Jesus und unserer Mutter, und w\u00e4chst zu einer unvergleichlichen Apotheose heran, wenn das Gnadenbild aus der Basilika getragen und von hunderten Figuranten und tausenden Zuschauern besungen wird.<\/p>\t\t\t\t\t\t\t\t<\/div>\n\t\t\t\t<\/div>\n\t\t\t\t\t<\/div>\n\t\t<\/div>\n\t\t\t\t<div class=\"elementor-column elementor-col-50 elementor-top-column elementor-element elementor-element-e5f1380\" data-id=\"e5f1380\" data-element_type=\"column\" data-e-type=\"column\">\n\t\t\t<div class=\"elementor-widget-wrap elementor-element-populated\">\n\t\t\t\t\t\t<div class=\"elementor-element elementor-element-b7dcc1c elementor-widget elementor-widget-shortcode\" data-id=\"b7dcc1c\" data-element_type=\"widget\" data-e-type=\"widget\" data-widget_type=\"shortcode.default\">\n\t\t\t\t<div class=\"elementor-widget-container\">\n\t\t\t\t\t\t\t<div class=\"elementor-shortcode\"><div class=\"kowp_wrapper kowp_sc_gallerij kowp_2130795406 kowp_no_display col_de_3 col_ta_2 col_mo_1\"><div class=\"kowp_sc_gallerij_item kowp_item kowp_item_1\"><div class=\"kowp_wrapper kowp_sc_gallerij kowp_265676184 kowp_grid col_de_4 col_ta_2 col_mo_2\"><div class=\"kowp_item\"><a data-fancybox=\"kowp_1463639133\" href=\"https:\/\/www.kroningsfeesten.be\/wp-content\/uploads\/2020\/10\/avondspel-kroningsfeesten-tongeren-herders1-113836-1920.jpg\"><img decoding=\"async\" width=\"600\" height=\"600\" src=\"https:\/\/www.kroningsfeesten.be\/wp-content\/uploads\/2020\/10\/avondspel-kroningsfeesten-tongeren-herders1-113836-1920-600x600.jpg\" class=\"attachment-600x600 size-600x600 kowp_sc_gallerij_gallerij_gallerij_gallery_image\" alt=\"\" srcset=\"https:\/\/www.kroningsfeesten.be\/wp-content\/uploads\/2020\/10\/avondspel-kroningsfeesten-tongeren-herders1-113836-1920-600x600.jpg 600w, https:\/\/www.kroningsfeesten.be\/wp-content\/uploads\/2020\/10\/avondspel-kroningsfeesten-tongeren-herders1-113836-1920-300x300.jpg 300w, https:\/\/www.kroningsfeesten.be\/wp-content\/uploads\/2020\/10\/avondspel-kroningsfeesten-tongeren-herders1-113836-1920-100x100.jpg 100w, https:\/\/www.kroningsfeesten.be\/wp-content\/uploads\/2020\/10\/avondspel-kroningsfeesten-tongeren-herders1-113836-1920-150x150.jpg 150w, https:\/\/www.kroningsfeesten.be\/wp-content\/uploads\/2020\/10\/avondspel-kroningsfeesten-tongeren-herders1-113836-1920-800x800.jpg 800w, https:\/\/www.kroningsfeesten.be\/wp-content\/uploads\/2020\/10\/avondspel-kroningsfeesten-tongeren-herders1-113836-1920-400x400.jpg 400w\" sizes=\"(max-width: 600px) 100vw, 600px\" \/><\/a><\/div><div class=\"kowp_item\"><a data-fancybox=\"kowp_1463639133\" href=\"https:\/\/www.kroningsfeesten.be\/wp-content\/uploads\/2020\/10\/avondspel-kroningsfeesten-tongeren-vinding1-113836-1920.jpg\"><img decoding=\"async\" width=\"600\" height=\"600\" src=\"https:\/\/www.kroningsfeesten.be\/wp-content\/uploads\/2020\/10\/avondspel-kroningsfeesten-tongeren-vinding1-113836-1920-600x600.jpg\" class=\"attachment-600x600 size-600x600 kowp_sc_gallerij_gallerij_gallerij_gallery_image\" alt=\"\" srcset=\"https:\/\/www.kroningsfeesten.be\/wp-content\/uploads\/2020\/10\/avondspel-kroningsfeesten-tongeren-vinding1-113836-1920-600x600.jpg 600w, https:\/\/www.kroningsfeesten.be\/wp-content\/uploads\/2020\/10\/avondspel-kroningsfeesten-tongeren-vinding1-113836-1920-300x300.jpg 300w, https:\/\/www.kroningsfeesten.be\/wp-content\/uploads\/2020\/10\/avondspel-kroningsfeesten-tongeren-vinding1-113836-1920-100x100.jpg 100w, https:\/\/www.kroningsfeesten.be\/wp-content\/uploads\/2020\/10\/avondspel-kroningsfeesten-tongeren-vinding1-113836-1920-150x150.jpg 150w, https:\/\/www.kroningsfeesten.be\/wp-content\/uploads\/2020\/10\/avondspel-kroningsfeesten-tongeren-vinding1-113836-1920-800x800.jpg 800w, https:\/\/www.kroningsfeesten.be\/wp-content\/uploads\/2020\/10\/avondspel-kroningsfeesten-tongeren-vinding1-113836-1920-400x400.jpg 400w\" sizes=\"(max-width: 600px) 100vw, 600px\" \/><\/a><\/div><div class=\"kowp_item\"><a data-fancybox=\"kowp_1463639133\" href=\"https:\/\/www.kroningsfeesten.be\/wp-content\/uploads\/2020\/10\/avondspel-kroningsfeesten-tongeren-opdracht1-113836-1920.jpg\"><img loading=\"lazy\" decoding=\"async\" width=\"600\" height=\"600\" src=\"https:\/\/www.kroningsfeesten.be\/wp-content\/uploads\/2020\/10\/avondspel-kroningsfeesten-tongeren-opdracht1-113836-1920-600x600.jpg\" class=\"attachment-600x600 size-600x600 kowp_sc_gallerij_gallerij_gallerij_gallery_image\" alt=\"\" srcset=\"https:\/\/www.kroningsfeesten.be\/wp-content\/uploads\/2020\/10\/avondspel-kroningsfeesten-tongeren-opdracht1-113836-1920-600x600.jpg 600w, https:\/\/www.kroningsfeesten.be\/wp-content\/uploads\/2020\/10\/avondspel-kroningsfeesten-tongeren-opdracht1-113836-1920-300x300.jpg 300w, https:\/\/www.kroningsfeesten.be\/wp-content\/uploads\/2020\/10\/avondspel-kroningsfeesten-tongeren-opdracht1-113836-1920-100x100.jpg 100w, https:\/\/www.kroningsfeesten.be\/wp-content\/uploads\/2020\/10\/avondspel-kroningsfeesten-tongeren-opdracht1-113836-1920-150x150.jpg 150w, https:\/\/www.kroningsfeesten.be\/wp-content\/uploads\/2020\/10\/avondspel-kroningsfeesten-tongeren-opdracht1-113836-1920-800x800.jpg 800w, https:\/\/www.kroningsfeesten.be\/wp-content\/uploads\/2020\/10\/avondspel-kroningsfeesten-tongeren-opdracht1-113836-1920-400x400.jpg 400w\" sizes=\"(max-width: 600px) 100vw, 600px\" \/><\/a><\/div><div class=\"kowp_item\"><a data-fancybox=\"kowp_1463639133\" href=\"https:\/\/www.kroningsfeesten.be\/wp-content\/uploads\/2020\/10\/avondspel-kroningsfeesten-tongeren-Boodschap-113836-1920.jpg\"><img loading=\"lazy\" decoding=\"async\" width=\"600\" height=\"600\" src=\"https:\/\/www.kroningsfeesten.be\/wp-content\/uploads\/2020\/10\/avondspel-kroningsfeesten-tongeren-Boodschap-113836-1920-600x600.jpg\" class=\"attachment-600x600 size-600x600 kowp_sc_gallerij_gallerij_gallerij_gallery_image\" alt=\"\" srcset=\"https:\/\/www.kroningsfeesten.be\/wp-content\/uploads\/2020\/10\/avondspel-kroningsfeesten-tongeren-Boodschap-113836-1920-600x600.jpg 600w, https:\/\/www.kroningsfeesten.be\/wp-content\/uploads\/2020\/10\/avondspel-kroningsfeesten-tongeren-Boodschap-113836-1920-300x300.jpg 300w, https:\/\/www.kroningsfeesten.be\/wp-content\/uploads\/2020\/10\/avondspel-kroningsfeesten-tongeren-Boodschap-113836-1920-100x100.jpg 100w, https:\/\/www.kroningsfeesten.be\/wp-content\/uploads\/2020\/10\/avondspel-kroningsfeesten-tongeren-Boodschap-113836-1920-150x150.jpg 150w, https:\/\/www.kroningsfeesten.be\/wp-content\/uploads\/2020\/10\/avondspel-kroningsfeesten-tongeren-Boodschap-113836-1920-800x800.jpg 800w, https:\/\/www.kroningsfeesten.be\/wp-content\/uploads\/2020\/10\/avondspel-kroningsfeesten-tongeren-Boodschap-113836-1920-400x400.jpg 400w\" sizes=\"(max-width: 600px) 100vw, 600px\" \/><\/a><\/div><div class=\"kowp_item\"><a data-fancybox=\"kowp_1463639133\" href=\"https:\/\/www.kroningsfeesten.be\/wp-content\/uploads\/2020\/10\/avondspel-kroningsfeesten-tongeren-bruiloft1-113836-1920.jpg\"><img loading=\"lazy\" decoding=\"async\" width=\"600\" height=\"600\" src=\"https:\/\/www.kroningsfeesten.be\/wp-content\/uploads\/2020\/10\/avondspel-kroningsfeesten-tongeren-bruiloft1-113836-1920-600x600.jpg\" class=\"attachment-600x600 size-600x600 kowp_sc_gallerij_gallerij_gallerij_gallery_image\" alt=\"\" srcset=\"https:\/\/www.kroningsfeesten.be\/wp-content\/uploads\/2020\/10\/avondspel-kroningsfeesten-tongeren-bruiloft1-113836-1920-600x600.jpg 600w, https:\/\/www.kroningsfeesten.be\/wp-content\/uploads\/2020\/10\/avondspel-kroningsfeesten-tongeren-bruiloft1-113836-1920-300x300.jpg 300w, https:\/\/www.kroningsfeesten.be\/wp-content\/uploads\/2020\/10\/avondspel-kroningsfeesten-tongeren-bruiloft1-113836-1920-100x100.jpg 100w, https:\/\/www.kroningsfeesten.be\/wp-content\/uploads\/2020\/10\/avondspel-kroningsfeesten-tongeren-bruiloft1-113836-1920-150x150.jpg 150w, https:\/\/www.kroningsfeesten.be\/wp-content\/uploads\/2020\/10\/avondspel-kroningsfeesten-tongeren-bruiloft1-113836-1920-800x800.jpg 800w, https:\/\/www.kroningsfeesten.be\/wp-content\/uploads\/2020\/10\/avondspel-kroningsfeesten-tongeren-bruiloft1-113836-1920-400x400.jpg 400w\" sizes=\"(max-width: 600px) 100vw, 600px\" \/><\/a><\/div><div class=\"kowp_item\"><a data-fancybox=\"kowp_1463639133\" href=\"https:\/\/www.kroningsfeesten.be\/wp-content\/uploads\/2020\/10\/avondspel-kroningsfeesten-tongeren-bezoek1-113836-1920.jpg\"><img loading=\"lazy\" decoding=\"async\" width=\"600\" height=\"600\" src=\"https:\/\/www.kroningsfeesten.be\/wp-content\/uploads\/2020\/10\/avondspel-kroningsfeesten-tongeren-bezoek1-113836-1920-600x600.jpg\" class=\"attachment-600x600 size-600x600 kowp_sc_gallerij_gallerij_gallerij_gallery_image\" alt=\"\" srcset=\"https:\/\/www.kroningsfeesten.be\/wp-content\/uploads\/2020\/10\/avondspel-kroningsfeesten-tongeren-bezoek1-113836-1920-600x600.jpg 600w, https:\/\/www.kroningsfeesten.be\/wp-content\/uploads\/2020\/10\/avondspel-kroningsfeesten-tongeren-bezoek1-113836-1920-300x300.jpg 300w, https:\/\/www.kroningsfeesten.be\/wp-content\/uploads\/2020\/10\/avondspel-kroningsfeesten-tongeren-bezoek1-113836-1920-100x100.jpg 100w, https:\/\/www.kroningsfeesten.be\/wp-content\/uploads\/2020\/10\/avondspel-kroningsfeesten-tongeren-bezoek1-113836-1920-150x150.jpg 150w, https:\/\/www.kroningsfeesten.be\/wp-content\/uploads\/2020\/10\/avondspel-kroningsfeesten-tongeren-bezoek1-113836-1920-800x800.jpg 800w, https:\/\/www.kroningsfeesten.be\/wp-content\/uploads\/2020\/10\/avondspel-kroningsfeesten-tongeren-bezoek1-113836-1920-400x400.jpg 400w\" sizes=\"(max-width: 600px) 100vw, 600px\" \/><\/a><\/div><div class=\"kowp_item\"><a data-fancybox=\"kowp_1463639133\" href=\"https:\/\/www.kroningsfeesten.be\/wp-content\/uploads\/2020\/10\/avondspel-kroningsfeesten-tongeren-engeltjes1-113836-1920.jpg\"><img loading=\"lazy\" decoding=\"async\" width=\"600\" height=\"600\" src=\"https:\/\/www.kroningsfeesten.be\/wp-content\/uploads\/2020\/10\/avondspel-kroningsfeesten-tongeren-engeltjes1-113836-1920-600x600.jpg\" class=\"attachment-600x600 size-600x600 kowp_sc_gallerij_gallerij_gallerij_gallery_image\" alt=\"\" srcset=\"https:\/\/www.kroningsfeesten.be\/wp-content\/uploads\/2020\/10\/avondspel-kroningsfeesten-tongeren-engeltjes1-113836-1920-600x600.jpg 600w, https:\/\/www.kroningsfeesten.be\/wp-content\/uploads\/2020\/10\/avondspel-kroningsfeesten-tongeren-engeltjes1-113836-1920-300x300.jpg 300w, https:\/\/www.kroningsfeesten.be\/wp-content\/uploads\/2020\/10\/avondspel-kroningsfeesten-tongeren-engeltjes1-113836-1920-100x100.jpg 100w, https:\/\/www.kroningsfeesten.be\/wp-content\/uploads\/2020\/10\/avondspel-kroningsfeesten-tongeren-engeltjes1-113836-1920-150x150.jpg 150w, https:\/\/www.kroningsfeesten.be\/wp-content\/uploads\/2020\/10\/avondspel-kroningsfeesten-tongeren-engeltjes1-113836-1920-800x800.jpg 800w, https:\/\/www.kroningsfeesten.be\/wp-content\/uploads\/2020\/10\/avondspel-kroningsfeesten-tongeren-engeltjes1-113836-1920-400x400.jpg 400w\" sizes=\"(max-width: 600px) 100vw, 600px\" \/><\/a><\/div><div class=\"kowp_item\"><a data-fancybox=\"kowp_1463639133\" href=\"https:\/\/www.kroningsfeesten.be\/wp-content\/uploads\/2020\/10\/avondspel-kroningsfeesten-tongeren-kruisweg1-113836-1920.jpg\"><img loading=\"lazy\" decoding=\"async\" width=\"600\" height=\"600\" src=\"https:\/\/www.kroningsfeesten.be\/wp-content\/uploads\/2020\/10\/avondspel-kroningsfeesten-tongeren-kruisweg1-113836-1920-600x600.jpg\" class=\"attachment-600x600 size-600x600 kowp_sc_gallerij_gallerij_gallerij_gallery_image\" alt=\"\" srcset=\"https:\/\/www.kroningsfeesten.be\/wp-content\/uploads\/2020\/10\/avondspel-kroningsfeesten-tongeren-kruisweg1-113836-1920-600x600.jpg 600w, https:\/\/www.kroningsfeesten.be\/wp-content\/uploads\/2020\/10\/avondspel-kroningsfeesten-tongeren-kruisweg1-113836-1920-300x300.jpg 300w, https:\/\/www.kroningsfeesten.be\/wp-content\/uploads\/2020\/10\/avondspel-kroningsfeesten-tongeren-kruisweg1-113836-1920-100x100.jpg 100w, https:\/\/www.kroningsfeesten.be\/wp-content\/uploads\/2020\/10\/avondspel-kroningsfeesten-tongeren-kruisweg1-113836-1920-150x150.jpg 150w, https:\/\/www.kroningsfeesten.be\/wp-content\/uploads\/2020\/10\/avondspel-kroningsfeesten-tongeren-kruisweg1-113836-1920-800x800.jpg 800w, https:\/\/www.kroningsfeesten.be\/wp-content\/uploads\/2020\/10\/avondspel-kroningsfeesten-tongeren-kruisweg1-113836-1920-400x400.jpg 400w\" sizes=\"(max-width: 600px) 100vw, 600px\" \/><\/a><\/div><\/div><style>.kowp_265676184.kowp_wrapper.kowp_grid {gap: 8px;}<\/style><\/div><\/div><\/div>\n\t\t\t\t\t\t<\/div>\n\t\t\t\t<\/div>\n\t\t\t\t\t<\/div>\n\t\t<\/div>\n\t\t\t\t\t<\/div>\n\t\t<\/section>\n\t\t\t\t<\/div>","protected":false},"excerpt":{"rendered":"<p>HET AVONDSPEL Het avondspel is een heruitgave van de processie maar dan op een podium. Doordat alles zich afspeelt op \u00e9\u00e9n podium en geheel ondersteund wordt door tekst, muziek, beeld en licht, krijgt de toeschouwer veel meer inzicht in wat de verschillende groepen uitbeelden. Dit gebeuren in de schaduw van de basiliektoren en in het [&hellip;]<\/p>\n","protected":false},"author":1,"featured_media":0,"parent":0,"menu_order":0,"comment_status":"closed","ping_status":"closed","template":"","meta":{"_acf_changed":false,"footnotes":""},"class_list":["post-1288","page","type-page","status-publish","hentry"],"acf":[],"_links":{"self":[{"href":"https:\/\/www.kroningsfeesten.be\/de\/wp-json\/wp\/v2\/pages\/1288","targetHints":{"allow":["GET"]}}],"collection":[{"href":"https:\/\/www.kroningsfeesten.be\/de\/wp-json\/wp\/v2\/pages"}],"about":[{"href":"https:\/\/www.kroningsfeesten.be\/de\/wp-json\/wp\/v2\/types\/page"}],"author":[{"embeddable":true,"href":"https:\/\/www.kroningsfeesten.be\/de\/wp-json\/wp\/v2\/users\/1"}],"replies":[{"embeddable":true,"href":"https:\/\/www.kroningsfeesten.be\/de\/wp-json\/wp\/v2\/comments?post=1288"}],"version-history":[{"count":4,"href":"https:\/\/www.kroningsfeesten.be\/de\/wp-json\/wp\/v2\/pages\/1288\/revisions"}],"predecessor-version":[{"id":1301,"href":"https:\/\/www.kroningsfeesten.be\/de\/wp-json\/wp\/v2\/pages\/1288\/revisions\/1301"}],"wp:attachment":[{"href":"https:\/\/www.kroningsfeesten.be\/de\/wp-json\/wp\/v2\/media?parent=1288"}],"curies":[{"name":"wp","href":"https:\/\/api.w.org\/{rel}","templated":true}]}}