{"id":115,"date":"2020-04-29T10:59:43","date_gmt":"2020-04-29T08:59:43","guid":{"rendered":"https:\/\/kroningsfeesten.webmatic.be\/?page_id=115"},"modified":"2022-10-17T08:31:57","modified_gmt":"2022-10-17T06:31:57","slug":"geschichte","status":"publish","type":"page","link":"https:\/\/www.kroningsfeesten.be\/de\/historiek\/","title":{"rendered":"Geschichte"},"content":{"rendered":"<div data-elementor-type=\"wp-page\" data-elementor-id=\"115\" class=\"elementor elementor-115\" data-elementor-post-type=\"page\">\n\t\t\t\t\t\t<section class=\"elementor-section elementor-top-section elementor-element elementor-element-72aa1d2 elementor-section-full_width p_tb_none elementor-section-height-default elementor-section-height-default\" data-id=\"72aa1d2\" data-element_type=\"section\" data-e-type=\"section\">\n\t\t\t\t\t\t<div class=\"elementor-container elementor-column-gap-default\">\n\t\t\t\t\t<div class=\"elementor-column elementor-col-100 elementor-top-column elementor-element elementor-element-507cef4 p_none\" data-id=\"507cef4\" data-element_type=\"column\" data-e-type=\"column\">\n\t\t\t<div class=\"elementor-widget-wrap elementor-element-populated\">\n\t\t\t\t\t\t<div class=\"elementor-element elementor-element-f039d9a elementor-widget elementor-widget-template\" data-id=\"f039d9a\" data-element_type=\"widget\" data-e-type=\"widget\" data-widget_type=\"template.default\">\n\t\t\t\t<div class=\"elementor-widget-container\">\n\t\t\t\t\t\t\t<div class=\"elementor-template\">\n\t\t\t\t\t<div data-elementor-type=\"section\" data-elementor-id=\"592\" class=\"elementor elementor-592\" data-elementor-post-type=\"elementor_library\">\n\t\t\t\t\t<section class=\"elementor-section elementor-top-section elementor-element elementor-element-babf342 elementor-section-full_width wbm_hero p_tb_none elementor-section-height-default elementor-section-height-default\" data-id=\"babf342\" data-element_type=\"section\" data-e-type=\"section\">\n\t\t\t\t\t\t<div class=\"elementor-container elementor-column-gap-default\">\n\t\t\t\t\t<div class=\"elementor-column elementor-col-100 elementor-top-column elementor-element elementor-element-ac983ba\" data-id=\"ac983ba\" data-element_type=\"column\" data-e-type=\"column\">\n\t\t\t<div class=\"elementor-widget-wrap elementor-element-populated\">\n\t\t\t\t\t\t<div class=\"elementor-element elementor-element-60abe84 m_b_none elementor--h-position-center elementor--v-position-middle elementor-pagination-position-inside elementor-widget elementor-widget-slides\" data-id=\"60abe84\" data-element_type=\"widget\" data-e-type=\"widget\" data-settings=\"{&quot;navigation&quot;:&quot;dots&quot;,&quot;autoplay_speed&quot;:7500,&quot;autoplay&quot;:&quot;yes&quot;,&quot;pause_on_hover&quot;:&quot;yes&quot;,&quot;pause_on_interaction&quot;:&quot;yes&quot;,&quot;infinite&quot;:&quot;yes&quot;,&quot;transition&quot;:&quot;slide&quot;,&quot;transition_speed&quot;:500}\" data-widget_type=\"slides.default\">\n\t\t\t\t<div class=\"elementor-widget-container\">\n\t\t\t\t\t\t\t\t\t<div class=\"elementor-swiper\">\n\t\t\t\t\t<div class=\"elementor-slides-wrapper elementor-main-swiper swiper\" role=\"region\" aria-roledescription=\"carousel\" aria-label=\"Folien\" dir=\"ltr\" data-animation=\"fadeInUp\" data-no-translation-aria-label=\"\">\n\t\t\t\t<div class=\"swiper-wrapper elementor-slides\">\n\t\t\t\t\t\t\t\t\t\t<div class=\"elementor-repeater-item-265bdb4 swiper-slide\" role=\"group\" aria-roledescription=\"slide\"><div class=\"swiper-slide-bg\" role=\"img\" aria-label=\"691\"><\/div><div class=\"swiper-slide-inner\" ><div class=\"swiper-slide-contents\"><\/div><\/div><\/div><div class=\"elementor-repeater-item-bd4951a swiper-slide\" role=\"group\" aria-roledescription=\"slide\"><div class=\"swiper-slide-bg\" role=\"img\" aria-label=\"asset-4\"><\/div><div class=\"swiper-slide-inner\" ><div class=\"swiper-slide-contents\"><\/div><\/div><\/div><div class=\"elementor-repeater-item-9545436 swiper-slide\" role=\"group\" aria-roledescription=\"slide\"><div class=\"swiper-slide-bg\" role=\"img\" aria-label=\"Fo228\"><\/div><div class=\"swiper-slide-inner\" ><div class=\"swiper-slide-contents\"><\/div><\/div><\/div>\t\t\t\t<\/div>\n\t\t\t\t\t\t\t\t\t\t\t\t\t\t\t\t\t\t\t\t<div class=\"swiper-pagination\"><\/div>\n\t\t\t\t\t\t\t\t\t\t\t\t<\/div>\n\t\t\t\t<\/div>\n\t\t\t\t\t\t\t\t<\/div>\n\t\t\t\t<\/div>\n\t\t\t\t<div class=\"elementor-element elementor-element-ed0810c wbm_symbool_overlay elementor-widget elementor-widget-image\" data-id=\"ed0810c\" data-element_type=\"widget\" data-e-type=\"widget\" data-widget_type=\"image.default\">\n\t\t\t\t<div class=\"elementor-widget-container\">\n\t\t\t\t\t\t\t\t\t\t\t\t\t\t\t<img fetchpriority=\"high\" decoding=\"async\" width=\"745\" height=\"631\" src=\"https:\/\/www.kroningsfeesten.be\/wp-content\/uploads\/2020\/04\/symbool-overlay.png\" class=\"attachment-large size-large wp-image-224\" alt=\"\" srcset=\"https:\/\/www.kroningsfeesten.be\/wp-content\/uploads\/2020\/04\/symbool-overlay.png 745w, https:\/\/www.kroningsfeesten.be\/wp-content\/uploads\/2020\/04\/symbool-overlay-400x339.png 400w, https:\/\/www.kroningsfeesten.be\/wp-content\/uploads\/2020\/04\/symbool-overlay-600x508.png 600w, https:\/\/www.kroningsfeesten.be\/wp-content\/uploads\/2020\/04\/symbool-overlay-300x254.png 300w\" sizes=\"(max-width: 745px) 100vw, 745px\" \/>\t\t\t\t\t\t\t\t\t\t\t\t\t\t\t<\/div>\n\t\t\t\t<\/div>\n\t\t\t\t\t<\/div>\n\t\t<\/div>\n\t\t\t\t\t<\/div>\n\t\t<\/section>\n\t\t\t\t<section class=\"elementor-section elementor-top-section elementor-element elementor-element-5c50eeb p_tb_none elementor-section-boxed elementor-section-height-default elementor-section-height-default\" data-id=\"5c50eeb\" data-element_type=\"section\" data-e-type=\"section\">\n\t\t\t\t\t\t<div class=\"elementor-container elementor-column-gap-default\">\n\t\t\t\t\t<div class=\"elementor-column elementor-col-100 elementor-top-column elementor-element elementor-element-04a2244 p_t_none p_b_none\" data-id=\"04a2244\" data-element_type=\"column\" data-e-type=\"column\">\n\t\t\t<div class=\"elementor-widget-wrap elementor-element-populated\">\n\t\t\t\t\t\t<div class=\"elementor-element elementor-element-0b5482c wbm_hero_content elementor-widget elementor-widget-html\" data-id=\"0b5482c\" data-element_type=\"widget\" data-e-type=\"widget\" data-widget_type=\"html.default\">\n\t\t\t\t<div class=\"elementor-widget-container\">\n\t\t\t\t\t<div class=\"regel_1\">KR\u00d6NUNGS-<\/div>\n<div class=\"regel_2\">FESTE<\/div>\n<div class=\"regel_3\">TONGEREN<\/div>\n<div class=\"regel_4\">7\/9\/12\/14 JULI 2030<\/div>\t\t\t\t<\/div>\n\t\t\t\t<\/div>\n\t\t\t\t\t<\/div>\n\t\t<\/div>\n\t\t\t\t\t<\/div>\n\t\t<\/section>\n\t\t\t\t<section class=\"elementor-section elementor-top-section elementor-element elementor-element-a824437 p_tb_none elementor-section-boxed elementor-section-height-default elementor-section-height-default\" data-id=\"a824437\" data-element_type=\"section\" data-e-type=\"section\">\n\t\t\t\t\t\t<div class=\"elementor-container elementor-column-gap-default\">\n\t\t\t\t\t<div class=\"elementor-column elementor-col-100 elementor-top-column elementor-element elementor-element-5bde0fc\" data-id=\"5bde0fc\" data-element_type=\"column\" data-e-type=\"column\">\n\t\t\t<div class=\"elementor-widget-wrap elementor-element-populated\">\n\t\t\t\t\t\t<div class=\"elementor-element elementor-element-e7af157 elementor-widget elementor-widget-html\" data-id=\"e7af157\" data-element_type=\"widget\" data-e-type=\"widget\" data-widget_type=\"html.default\">\n\t\t\t\t<div class=\"elementor-widget-container\">\n\t\t\t\t\t<div class=\"mediagalerij-link-wrapper\">\n    <img decoding=\"async\" src=\"https:\/\/www.kroningsfeesten.be\/wp-content\/uploads\/2023\/06\/mediagalerij.png\">\n    <a href=\"\/de\/geschichte-2\/\">Sehen Sie hier einige Eindr\u00fccke von der vergangenen Kroningsfeesten edition 2023<\/a>\n<\/div>\t\t\t\t<\/div>\n\t\t\t\t<\/div>\n\t\t\t\t\t<\/div>\n\t\t<\/div>\n\t\t\t\t\t<\/div>\n\t\t<\/section>\n\t\t\t\t<\/div>\n\t\t\t\t<\/div>\n\t\t\t\t\t\t<\/div>\n\t\t\t\t<\/div>\n\t\t\t\t\t<\/div>\n\t\t<\/div>\n\t\t\t\t\t<\/div>\n\t\t<\/section>\n\t\t\t\t<section class=\"elementor-section elementor-top-section elementor-element elementor-element-d2770f2 p_b_none cw_medium elementor-section-boxed elementor-section-height-default elementor-section-height-default\" data-id=\"d2770f2\" data-element_type=\"section\" data-e-type=\"section\">\n\t\t\t\t\t\t<div class=\"elementor-container elementor-column-gap-default\">\n\t\t\t\t\t<div class=\"elementor-column elementor-col-100 elementor-top-column elementor-element elementor-element-fc996bb\" data-id=\"fc996bb\" data-element_type=\"column\" data-e-type=\"column\">\n\t\t\t<div class=\"elementor-widget-wrap elementor-element-populated\">\n\t\t\t\t\t\t<div class=\"elementor-element elementor-element-64e6069 m_b_none elementor-widget elementor-widget-heading\" data-id=\"64e6069\" data-element_type=\"widget\" data-e-type=\"widget\" data-widget_type=\"heading.default\">\n\t\t\t\t<div class=\"elementor-widget-container\">\n\t\t\t\t\t<h1 class=\"elementor-heading-title elementor-size-default\"><span class=\"c_secondary\">UHRSPRUNG<\/span> DER KR\u00d6NUNGSFEIERLICHKEITEN<\/h1>\t\t\t\t<\/div>\n\t\t\t\t<\/div>\n\t\t\t\t<div class=\"elementor-element elementor-element-83797a3 c_primary elementor-widget-divider--view-line elementor-widget elementor-widget-divider\" data-id=\"83797a3\" data-element_type=\"widget\" data-e-type=\"widget\" data-widget_type=\"divider.default\">\n\t\t\t\t<div class=\"elementor-widget-container\">\n\t\t\t\t\t\t\t<div class=\"elementor-divider\">\n\t\t\t<span class=\"elementor-divider-separator\">\n\t\t\t\t\t\t<\/span>\n\t\t<\/div>\n\t\t\t\t\t\t<\/div>\n\t\t\t\t<\/div>\n\t\t\t\t\t<\/div>\n\t\t<\/div>\n\t\t\t\t\t<\/div>\n\t\t<\/section>\n\t\t\t\t<section class=\"elementor-section elementor-top-section elementor-element elementor-element-13319bf p_t_none elementor-section-boxed elementor-section-height-default elementor-section-height-default\" data-id=\"13319bf\" data-element_type=\"section\" data-e-type=\"section\">\n\t\t\t\t\t\t<div class=\"elementor-container elementor-column-gap-default\">\n\t\t\t\t\t<div class=\"elementor-column elementor-col-50 elementor-top-column elementor-element elementor-element-e29300b\" data-id=\"e29300b\" data-element_type=\"column\" data-e-type=\"column\">\n\t\t\t<div class=\"elementor-widget-wrap elementor-element-populated\">\n\t\t\t\t\t\t<div class=\"elementor-element elementor-element-e0511fc subtitle elementor-widget elementor-widget-heading\" data-id=\"e0511fc\" data-element_type=\"widget\" data-e-type=\"widget\" data-widget_type=\"heading.default\">\n\t\t\t\t<div class=\"elementor-widget-container\">\n\t\t\t\t\t<h2 class=\"elementor-heading-title elementor-size-default\">UHRSPRUNG<\/h2>\t\t\t\t<\/div>\n\t\t\t\t<\/div>\n\t\t\t\t<div class=\"elementor-element elementor-element-03db2fe p_t_none elementor-widget elementor-widget-text-editor\" data-id=\"03db2fe\" data-element_type=\"widget\" data-e-type=\"widget\" data-widget_type=\"text-editor.default\">\n\t\t\t\t<div class=\"elementor-widget-container\">\n\t\t\t\t\t\t\t\t\t<p>Ab dem 14. Jahrhundert wurden in Tongeren alle sieben Jahre 16 Tage lang Reliquien f\u00fcr Pilger ausgestellt. Wahrscheinlich war es Rodolf van den Beek, der 1390 zum ersten Mal die alle sieben Jahre stattfindende Tonung der Reliquien organisierte. Dies geschah von der mittleren Galerie des Basilikaturms aus. Im Jahr 1608 wurde das Datum der Heiligtumsprozession ge\u00e4ndert. Die Feste dauerten 14 Tage und endeten mit einer feierlichen Prozession, bei der die Reliquien durch die Kirche getragen wurden. Die letzte Heiligsprechung fand im Jahr 1790 statt. Danach lie\u00dfen die franz\u00f6sischen Besatzer keine Reliquient\u00f6nung mehr zu.<\/p>\t\t\t\t\t\t\t\t<\/div>\n\t\t\t\t<\/div>\n\t\t\t\t\t<\/div>\n\t\t<\/div>\n\t\t\t\t<div class=\"elementor-column elementor-col-50 elementor-top-column elementor-element elementor-element-e5f1380\" data-id=\"e5f1380\" data-element_type=\"column\" data-e-type=\"column\">\n\t\t\t<div class=\"elementor-widget-wrap elementor-element-populated\">\n\t\t\t\t\t\t<div class=\"elementor-element elementor-element-e7a1180 elementor-widget elementor-widget-image\" data-id=\"e7a1180\" data-element_type=\"widget\" data-e-type=\"widget\" data-widget_type=\"image.default\">\n\t\t\t\t<div class=\"elementor-widget-container\">\n\t\t\t\t\t\t\t\t\t\t\t\t\t\t\t<img decoding=\"async\" width=\"900\" height=\"573\" src=\"https:\/\/www.kroningsfeesten.be\/wp-content\/uploads\/2020\/05\/onstaan-geschiedenis.jpg-101827-1920-900x573.jpg\" class=\"attachment-900x0 size-900x0 wp-image-254\" alt=\"\" srcset=\"https:\/\/www.kroningsfeesten.be\/wp-content\/uploads\/2020\/05\/onstaan-geschiedenis.jpg-101827-1920-900x573.jpg 900w, https:\/\/www.kroningsfeesten.be\/wp-content\/uploads\/2020\/05\/onstaan-geschiedenis.jpg-101827-1920-400x255.jpg 400w, https:\/\/www.kroningsfeesten.be\/wp-content\/uploads\/2020\/05\/onstaan-geschiedenis.jpg-101827-1920-600x382.jpg 600w, https:\/\/www.kroningsfeesten.be\/wp-content\/uploads\/2020\/05\/onstaan-geschiedenis.jpg-101827-1920-300x191.jpg 300w, https:\/\/www.kroningsfeesten.be\/wp-content\/uploads\/2020\/05\/onstaan-geschiedenis.jpg-101827-1920-1024x652.jpg 1024w, https:\/\/www.kroningsfeesten.be\/wp-content\/uploads\/2020\/05\/onstaan-geschiedenis.jpg-101827-1920-768x489.jpg 768w, https:\/\/www.kroningsfeesten.be\/wp-content\/uploads\/2020\/05\/onstaan-geschiedenis.jpg-101827-1920-1536x978.jpg 1536w, https:\/\/www.kroningsfeesten.be\/wp-content\/uploads\/2020\/05\/onstaan-geschiedenis.jpg-101827-1920.jpg 1920w\" sizes=\"(max-width: 900px) 100vw, 900px\" \/>\t\t\t\t\t\t\t\t\t\t\t\t\t\t\t<\/div>\n\t\t\t\t<\/div>\n\t\t\t\t\t<\/div>\n\t\t<\/div>\n\t\t\t\t\t<\/div>\n\t\t<\/section>\n\t\t\t\t<section class=\"elementor-section elementor-top-section elementor-element elementor-element-b6015cc p_t_none elementor-section-boxed elementor-section-height-default elementor-section-height-default\" data-id=\"b6015cc\" data-element_type=\"section\" data-e-type=\"section\">\n\t\t\t\t\t\t<div class=\"elementor-container elementor-column-gap-default\">\n\t\t\t\t\t<div class=\"elementor-column elementor-col-50 elementor-top-column elementor-element elementor-element-8aaf76f\" data-id=\"8aaf76f\" data-element_type=\"column\" data-e-type=\"column\">\n\t\t\t<div class=\"elementor-widget-wrap elementor-element-populated\">\n\t\t\t\t\t\t<div class=\"elementor-element elementor-element-8415f7b elementor-widget elementor-widget-image\" data-id=\"8415f7b\" data-element_type=\"widget\" data-e-type=\"widget\" data-widget_type=\"image.default\">\n\t\t\t\t<div class=\"elementor-widget-container\">\n\t\t\t\t\t\t\t\t\t\t\t\t\t\t\t<img decoding=\"async\" width=\"900\" height=\"600\" src=\"https:\/\/www.kroningsfeesten.be\/wp-content\/uploads\/2020\/05\/ontstaan-kroning.jpg-101822-1920-900x600.jpg\" class=\"attachment-900x600 size-900x600 wp-image-253\" alt=\"\" \/>\t\t\t\t\t\t\t\t\t\t\t\t\t\t\t<\/div>\n\t\t\t\t<\/div>\n\t\t\t\t\t<\/div>\n\t\t<\/div>\n\t\t\t\t<div class=\"elementor-column elementor-col-50 elementor-top-column elementor-element elementor-element-72289d5\" data-id=\"72289d5\" data-element_type=\"column\" data-e-type=\"column\">\n\t\t\t<div class=\"elementor-widget-wrap elementor-element-populated\">\n\t\t\t\t\t\t<div class=\"elementor-element elementor-element-201d81c subtitle elementor-widget elementor-widget-heading\" data-id=\"201d81c\" data-element_type=\"widget\" data-e-type=\"widget\" data-widget_type=\"heading.default\">\n\t\t\t\t<div class=\"elementor-widget-container\">\n\t\t\t\t\t<h2 class=\"elementor-heading-title elementor-size-default\">KR\u00d6NUNG<\/h2>\t\t\t\t<\/div>\n\t\t\t\t<\/div>\n\t\t\t\t<div class=\"elementor-element elementor-element-d283490 p_t_none elementor-widget elementor-widget-text-editor\" data-id=\"d283490\" data-element_type=\"widget\" data-e-type=\"widget\" data-widget_type=\"text-editor.default\">\n\t\t\t\t<div class=\"elementor-widget-container\">\n\t\t\t\t\t\t\t\t\t<p>Ende des 19. Jahrhunderts wurde in der r\u00f6misch-katholischen Kirche eine besondere Verehrung f\u00fcr Maria gepflegt. Diese Verehrung \u00e4u\u00dferte sich unter anderem in der Kr\u00f6nung von Marienstatuen. Am 20. Mai 1889 richtete der Bischof von L\u00fcttich ein schriftliches Gesuch an Papst Leo XIII. um die Kr\u00f6nung der Gnadenstatue in Tongeren. Mit Breve vom 10. September 1889 gab der Papst dem Ersuchen statt. Die Kr\u00f6nung fand am Sonntag, dem 31. August 1890, statt. Nach der Zeremonie zog ein Festzug durch die geschm\u00fcckten Stra\u00dfen und \u00fcber die Pl\u00e4tze der Stadt. Das war die Geburtsstunde des Kr\u00f6nungsfeste. Die Einwohner von Tongeren sahen darin eine Gelegenheit, an die fr\u00fcheren Schreinprozessionen anzukn\u00fcpfen, die alle sieben Jahre stattfanden. Bis heute finden die Kr\u00f6nungsfeste alle sieben Jahre in Tongeren statt. Nur 1918, als Folge des Ersten Weltbrandes, konnte dies nicht geschehen. <span style=\"color: #363a3d;\">Die Kr\u00f6nungsfeste werden als immaterielles Kulturerbe anerkannt.<\/span><\/p>\t\t\t\t\t\t\t\t<\/div>\n\t\t\t\t<\/div>\n\t\t\t\t\t<\/div>\n\t\t<\/div>\n\t\t\t\t\t<\/div>\n\t\t<\/section>\n\t\t\t\t<\/div>","protected":false},"excerpt":{"rendered":"<p>ONTSTAAN VAN DE KRONINGS\u00adFEESTEN ONTSTAAN Vanaf de 14de eeuw werden in Tongeren om de zeven jaar de relieken gedurende 16 dagen getoond aan de pelgrims die op heiligdomsvaart kwamen. Het was vermoedelijk Rodolf van den Beek die in 1390 voor de eerste maal de zevenjaarlijkse toning van de relieken organiseerde. Dat gebeurde vanaf de middengaanderij [&hellip;]<\/p>\n","protected":false},"author":1,"featured_media":0,"parent":0,"menu_order":0,"comment_status":"closed","ping_status":"closed","template":"","meta":{"_acf_changed":false,"footnotes":""},"class_list":["post-115","page","type-page","status-publish","hentry"],"acf":[],"_links":{"self":[{"href":"https:\/\/www.kroningsfeesten.be\/de\/wp-json\/wp\/v2\/pages\/115","targetHints":{"allow":["GET"]}}],"collection":[{"href":"https:\/\/www.kroningsfeesten.be\/de\/wp-json\/wp\/v2\/pages"}],"about":[{"href":"https:\/\/www.kroningsfeesten.be\/de\/wp-json\/wp\/v2\/types\/page"}],"author":[{"embeddable":true,"href":"https:\/\/www.kroningsfeesten.be\/de\/wp-json\/wp\/v2\/users\/1"}],"replies":[{"embeddable":true,"href":"https:\/\/www.kroningsfeesten.be\/de\/wp-json\/wp\/v2\/comments?post=115"}],"version-history":[{"count":34,"href":"https:\/\/www.kroningsfeesten.be\/de\/wp-json\/wp\/v2\/pages\/115\/revisions"}],"predecessor-version":[{"id":6040,"href":"https:\/\/www.kroningsfeesten.be\/de\/wp-json\/wp\/v2\/pages\/115\/revisions\/6040"}],"wp:attachment":[{"href":"https:\/\/www.kroningsfeesten.be\/de\/wp-json\/wp\/v2\/media?parent=115"}],"curies":[{"name":"wp","href":"https:\/\/api.w.org\/{rel}","templated":true}]}}